{"id":1401,"date":"2018-10-22T15:04:44","date_gmt":"2018-10-22T15:04:44","guid":{"rendered":"http:\/\/www.copor.com\/home\/"},"modified":"2024-01-23T09:00:36","modified_gmt":"2024-01-23T09:00:36","slug":"home","status":"publish","type":"page","link":"https:\/\/www.copor.com\/de\/","title":{"rendered":"Home"},"content":{"rendered":"<div class=\"wpb-content-wrapper\"><p>[vc_row full_width=&#8220;stretch_row_content_no_spaces&#8220; equal_height=&#8220;yes&#8220; el_class=&#8220;container-header-home&#8220;][vc_column width=&#8220;1\/2&#8243; el_class=&#8220;box-header bg-blue&#8220;][\/vc_column][vc_column width=&#8220;1\/2&#8243; el_class=&#8220;box-header bg-red&#8220;][\/vc_column][\/vc_row][vc_row el_class=&#8220;container-edge-color-header&#8220;][vc_column width=&#8220;1\/2&#8243; el_class=&#8220;edge-gray&#8220;][vc_row_inner equal_height=&#8220;yes&#8220;][vc_column_inner width=&#8220;2\/3&#8243;][vc_custom_heading text=&#8220;SCHALLD\u00c4MPFER&#8220; use_theme_fonts=&#8220;yes&#8220; el_class=&#8220;title-celeste&#8220;][vc_column_text el_class=&#8220;sub-title-header-edge&#8220;]auf der suche nach schalld\u00e4mpfern[\/vc_column_text][\/vc_column_inner][vc_column_inner el_class=&#8220;container-header-arrow-home&#8220; width=&#8220;1\/3&#8243;][vc_icon type=&#8220;material&#8220; icon_material=&#8220;vc-material vc-material-arrow_forward&#8220; color=&#8220;white&#8220; el_class=&#8220;arrow-circle&#8220; link=&#8220;url:http%3A%2F%2Fwww.copor.com%2Fprodotti%2Fsilenziatori%2F|||&#8220;][vc_column_text el_class=&#8220;sub-show-product&#8220;]SCHALLD\u00c4MPFERSORTIMENT<br \/>\nANSEHEN<br \/>\n[\/vc_column_text][\/vc_column_inner][\/vc_row_inner][\/vc_column][vc_column width=&#8220;1\/2&#8243; el_class=&#8220;edge-red&#8220;][vc_row_inner equal_height=&#8220;yes&#8220; el_class=&#8220;pd-title-home&#8220;][vc_column_inner width=&#8220;2\/3&#8243;][vc_custom_heading text=&#8220;FILTER&#8220; use_theme_fonts=&#8220;yes&#8220; el_class=&#8220;title-celeste&#8220;][vc_column_text el_class=&#8220;sub-title-header-edge&#8220;]auf der suche nach filtern[\/vc_column_text][\/vc_column_inner][vc_column_inner el_class=&#8220;container-header-arrow-home&#8220; width=&#8220;1\/3&#8243;][vc_icon type=&#8220;material&#8220; icon_material=&#8220;vc-material vc-material-arrow_forward&#8220; color=&#8220;white&#8220; el_class=&#8220;arrow-circle&#8220; link=&#8220;url:http%3A%2F%2Fwww.copor.com%2Fprodotti%2Ffiltri%2F|||&#8220;][vc_column_text el_class=&#8220;sub-show-product&#8220;]FILTERSORTIMENT<br \/>\nANSEHEN[\/vc_column_text][\/vc_column_inner][\/vc_row_inner][\/vc_column][\/vc_row][vc_row full_width=&#8220;stretch_row_content&#8220; el_class=&#8220;container-slider-home&#8220;][vc_column width=&#8220;1\/2&#8243; el_class=&#8220;cont-single-slide left&#8220;][rev_slider_vc alias=&#8220;slider-silenziatori&#8220;][\/vc_column][vc_column width=&#8220;1\/2&#8243; el_class=&#8220;cont-single-slide right&#8220;][rev_slider_vc alias=&#8220;silder-filtri&#8220;][\/vc_column][\/vc_row][vc_row full_width=&#8220;stretch_row&#8220; el_class=&#8220;container-bande-colorate&#8220;][vc_column width=&#8220;1\/2&#8243; css=&#8220;.vc_custom_1544460960033{padding-top: 0px !important;background-color: #103568 !important;}&#8220; el_class=&#8220;b-blue-home&#8220;][vc_row_inner equal_height=&#8220;yes&#8220; css=&#8220;.vc_custom_1544455029388{padding-top: 0px !important;}&#8220;][vc_column_inner width=&#8220;2\/3&#8243;][vc_custom_heading text=&#8220;SCHALLD\u00c4MPFER&#8220; font_container=&#8220;tag:h2|text_align:left|color:%23ffffff&#8220; use_theme_fonts=&#8220;yes&#8220; el_class=&#8220;title-celeste&#8220;][vc_column_text el_class=&#8220;sub-title-header-edge&#8220;]auf der suche nach schalld\u00e4mpfern[\/vc_column_text][\/vc_column_inner][vc_column_inner el_class=&#8220;container-header-arrow-home&#8220; width=&#8220;1\/3&#8243;][vc_icon type=&#8220;material&#8220; icon_material=&#8220;vc-material vc-material-arrow_forward&#8220; color=&#8220;white&#8220; el_class=&#8220;arrow-circle&#8220; link=&#8220;url:http%3A%2F%2Fwww.copor.com%2Fprodotti%2Fsilenziatori%2F|||&#8220;][vc_column_text el_class=&#8220;sub-show-product&#8220; el_id=&#8220;de-sub&#8220;]SCHALLD\u00c4MPFERSORTIMENT<br \/>\nANSEHEN[\/vc_column_text][\/vc_column_inner][\/vc_row_inner][\/vc_column][vc_column width=&#8220;1\/2&#8243; css=&#8220;.vc_custom_1544461103723{padding-top: 0px !important;background-color: #cf3835 !important;}&#8220; el_class=&#8220;b-red-home&#8220;][vc_row_inner equal_height=&#8220;yes&#8220; css=&#8220;.vc_custom_1544455039347{padding-top: 0px !important;}&#8220;][vc_column_inner width=&#8220;2\/3&#8243;][vc_custom_heading text=&#8220;FILTER&#8220; font_container=&#8220;tag:h2|text_align:left|color:%23ffffff&#8220; use_theme_fonts=&#8220;yes&#8220; el_class=&#8220;title-celeste&#8220;][vc_column_text el_class=&#8220;sub-title-header-edge&#8220;]auf der suche nach filtern[\/vc_column_text][\/vc_column_inner][vc_column_inner el_class=&#8220;container-header-arrow-home&#8220; width=&#8220;1\/3&#8243;][vc_icon type=&#8220;material&#8220; icon_material=&#8220;vc-material vc-material-arrow_forward&#8220; color=&#8220;white&#8220; el_class=&#8220;arrow-circle&#8220; link=&#8220;url:http%3A%2F%2Fwww.copor.com%2Fprodotti%2Ffiltri%2F|||&#8220;][vc_column_text el_class=&#8220;sub-show-product&#8220;]FILTERSORTIMENT<br \/>\nANSEHEN[\/vc_column_text][\/vc_column_inner][\/vc_row_inner][\/vc_column][\/vc_row][vc_row el_class=&#8220;container-soluzioni-top&#8220;][vc_column][vc_custom_heading text=&#8220;L\u00d6SUNGEN F\u00dcR JEDEN BEDARF&#8220; font_container=&#8220;tag:h2|text_align:center&#8220; use_theme_fonts=&#8220;yes&#8220; el_class=&#8220;title-celeste solution&#8220;][vc_column_text el_class=&#8220;sub-title-celeste text-center-celeste&#8220;]<\/p>\n<p style=\"text-align: center;\">Dank unserer langj\u00e4hrigen Erfahrung k\u00f6nnen wir heute unterschiedlichste Filtertypen anbieten, die jedem Bedarf gerecht werden.<br \/>\n<strong>Unsere Produkte sind vor allem f\u00fcr die folgenden Anwendungsbereiche bestimmt:<\/strong><\/p>\n<p>[\/vc_column_text][\/vc_column][\/vc_row][vc_row equal_height=&#8220;yes&#8220; el_class=&#8220;container-ico-home&#8220;][vc_column width=&#8220;1\/4&#8243;][vc_single_image image=&#8220;1175&#8243; img_size=&#8220;90&#215;90&#8243; alignment=&#8220;center&#8220; css=&#8220;.vc_custom_1544453438353{margin-bottom: 0px !important;}&#8220;][vc_column_text el_class=&#8220;ico-industry-text&#8220;]CHEMISCHE[\/vc_column_text][vc_column_text el_class=&#8220;ico-industry-text-sub&#8220;]Industrie[\/vc_column_text][\/vc_column][vc_column width=&#8220;1\/4&#8243;][vc_single_image image=&#8220;1177&#8243; img_size=&#8220;90&#215;90&#8243; alignment=&#8220;center&#8220; css=&#8220;.vc_custom_1544453425626{margin-bottom: 0px !important;}&#8220;][vc_column_text el_class=&#8220;ico-industry-text&#8220;]LEBENSMITTEL[\/vc_column_text][vc_column_text el_class=&#8220;ico-industry-text-sub&#8220;]Industrie[\/vc_column_text][\/vc_column][vc_column width=&#8220;1\/4&#8243;][vc_single_image image=&#8220;1179&#8243; img_size=&#8220;90&#215;90&#8243; alignment=&#8220;center&#8220; css=&#8220;.vc_custom_1544453468114{margin-bottom: 0px !important;}&#8220;][vc_column_text el_class=&#8220;ico-industry-text&#8220;]PHARMA[\/vc_column_text][vc_column_text el_class=&#8220;ico-industry-text-sub&#8220;]Industrie[\/vc_column_text][\/vc_column][vc_column width=&#8220;1\/4&#8243;][vc_single_image image=&#8220;1181&#8243; img_size=&#8220;90&#215;90&#8243; alignment=&#8220;center&#8220; css=&#8220;.vc_custom_1544453514712{margin-bottom: 0px !important;}&#8220;][vc_column_text el_class=&#8220;ico-industry-text&#8220;]AUTOMOBIL[\/vc_column_text][vc_column_text el_class=&#8220;ico-industry-text-sub&#8220;]Industrie[\/vc_column_text][\/vc_column][vc_column width=&#8220;1\/4&#8243;][vc_single_image image=&#8220;1183&#8243; img_size=&#8220;90&#215;90&#8243; alignment=&#8220;center&#8220; css=&#8220;.vc_custom_1544453593145{margin-bottom: 0px !important;}&#8220;][vc_column_text el_class=&#8220;ico-industry-text&#8220;]HYDRAULIK[\/vc_column_text][vc_column_text el_class=&#8220;ico-industry-text-sub&#8220;]Industrie[\/vc_column_text][\/vc_column][vc_column width=&#8220;1\/4&#8243;][vc_single_image image=&#8220;1185&#8243; img_size=&#8220;90&#215;90&#8243; alignment=&#8220;center&#8220; css=&#8220;.vc_custom_1544453609404{margin-bottom: 0px !important;}&#8220;][vc_column_text el_class=&#8220;ico-industry-text&#8220;]PNEUMATIK[\/vc_column_text][vc_column_text el_class=&#8220;ico-industry-text-sub&#8220;]Industrie[\/vc_column_text][\/vc_column][vc_column width=&#8220;1\/4&#8243;][vc_single_image image=&#8220;1187&#8243; img_size=&#8220;90&#215;90&#8243; alignment=&#8220;center&#8220; css=&#8220;.vc_custom_1544453659115{margin-bottom: 0px !important;}&#8220;][vc_column_text el_class=&#8220;ico-industry-text&#8220;]LUFTFAHRT[\/vc_column_text][vc_column_text el_class=&#8220;ico-industry-text-sub&#8220;]Industrie[\/vc_column_text][\/vc_column][\/vc_row][vc_row full_width=&#8220;stretch_row_content_no_spaces&#8220;][vc_column][vc_row_inner equal_height=&#8220;yes&#8220; el_class=&#8220;container-box-quality width-column&#8220;][vc_column_inner el_class=&#8220;container-box-slider&#8220; width=&#8220;1\/2&#8243;][vc_custom_heading text=&#8220;UNSERE<br \/>\nPHILOSOPHIE&#8220; font_container=&#8220;tag:h2|text_align:center|color:%23ffffff&#8220; use_theme_fonts=&#8220;yes&#8220; el_class=&#8220;title-celeste&#8220;][vc_column_text el_class=&#8220;sub-title-celeste&#8220;]<\/p>\n<p style=\"padding-left: 30px;\">Unsere St\u00e4rke basiert auf drei Grundprinzipien: unsere Erfahrung,<br \/>\nst\u00e4ndige Weiterentwicklung und viel Sorgfalt im Detail.<br \/>\nWir sind ein Bezugspunkt f\u00fcr europ\u00e4ische und internationale Unternehmen und haben ein Sortiment, das dank hoher Qualit\u00e4tsstandards allen Anforderungen gerecht werden kann.<\/p>\n<p>[\/vc_column_text][vc_icon type=&#8220;material&#8220; icon_material=&#8220;vc-material vc-material-arrow_forward&#8220; color=&#8220;white&#8220; link=&#8220;url:http%3A%2F%2Fwww.copor.com%2Fchi-siamo%2F|||&#8220; el_class=&#8220;arrow-circle&#8220;][\/vc_column_inner][vc_column_inner el_class=&#8220;box-quality&#8220; width=&#8220;1\/2&#8243;][vc_custom_heading text=&#8220;ZERTIFIZIERTE<br \/>\nQUALIT\u00c4T&#8220; font_container=&#8220;tag:h2|text_align:center&#8220; use_theme_fonts=&#8220;yes&#8220; el_class=&#8220;title-celeste&#8220;][vc_column_text el_class=&#8220;sub-title-celeste&#8220;]Ende der 90er Jahre hat COPOR snc die begehrte<br \/>\nAnerkennung der ISO9000 Qualit\u00e4tszertifizierung erhalten,<br \/>\ndie zur Expansion auf dem in- und ausl\u00e4ndischen<br \/>\nMarkt beigetragen hat.[\/vc_column_text][vc_icon type=&#8220;material&#8220; icon_material=&#8220;vc-material vc-material-arrow_forward&#8220; color=&#8220;white&#8220; el_class=&#8220;arrow-circle&#8220; link=&#8220;url:http%3A%2F%2Fwww.copor.com%2Fcertificazioni%2F|||&#8220;][\/vc_column_inner][\/vc_row_inner][vc_row_inner equal_height=&#8220;yes&#8220; el_class=&#8220;row-disable&#8220;][vc_column_inner el_class=&#8220;slider-filosofia&#8220; width=&#8220;1\/2&#8243;][vc_images_carousel images=&#8220;1194&#8243; img_size=&#8220;full&#8220; onclick=&#8220;link_no&#8220; autoplay=&#8220;yes&#8220; hide_pagination_control=&#8220;yes&#8220; hide_prev_next_buttons=&#8220;yes&#8220; wrap=&#8220;yes&#8220; el_class=&#8220;carousel-slider-home&#8220;][\/vc_column_inner][vc_column_inner width=&#8220;1\/2&#8243;][\/vc_column_inner][\/vc_row_inner][\/vc_column][\/vc_row][vc_row full_width=&#8220;stretch_row&#8220; equal_height=&#8220;yes&#8220; css=&#8220;.vc_custom_1540391285444{background-color: #103568 !important;}&#8220; el_class=&#8220;container-nub-count&#8220;][vc_column width=&#8220;1\/3&#8243;][vc_column_text el_class=&#8220;numb-counter&#8220;]<\/p>\n<p style=\"text-align: center;\">25<\/p>\n<p>[\/vc_column_text][vc_column_text el_class=&#8220;sub-counter&#8220;]<\/p>\n<p style=\"text-align: center;\">JAHRE ZERTIFIZIERTE QUALIT\u00c4T<\/p>\n<p>[\/vc_column_text][\/vc_column][vc_column width=&#8220;1\/3&#8243;][vc_column_text el_class=&#8220;numb-counter&#8220;]<\/p>\n<p style=\"text-align: center;\">44<\/p>\n<p>[\/vc_column_text][vc_column_text el_class=&#8220;sub-counter&#8220;]<\/p>\n<p style=\"text-align: center;\">JAHRE ERFAHRUNG<\/p>\n<p>[\/vc_column_text][\/vc_column][vc_column width=&#8220;1\/3&#8243;][vc_column_text el_class=&#8220;numb-counter&#8220;]<\/p>\n<p style=\"text-align: center;\">56<\/p>\n<p>[\/vc_column_text][vc_column_text el_class=&#8220;sub-counter&#8220;]<\/p>\n<p style=\"text-align: center;\">BETREUTE AUSLANDSM\u00c4RKTE<\/p>\n<p>[\/vc_column_text][\/vc_column][\/vc_row][vc_row full_width=&#8220;stretch_row_content_no_spaces&#8220; css=&#8220;.vc_custom_1541583502084{margin-top: 0px !important;padding-top: 0px !important;background-image: url(http:\/\/www.copor.com\/wp-content\/uploads\/2018\/11\/grid.png?id=566) !important;}&#8220; el_class=&#8220;grid-sub&#8220;][vc_column][\/vc_column][\/vc_row][vc_row equal_height=&#8220;yes&#8220; el_class=&#8220;container-image-video&#8220;][vc_column width=&#8220;1\/2&#8243;][vc_custom_heading text=&#8220;1 billion<br \/>\nPRODUZIERTE TEIL&#8220; use_theme_fonts=&#8220;yes&#8220; el_class=&#8220;title-celeste&#8220;][vc_column_text el_class=&#8220;sub-title-celeste text-center-celeste&#8220;]Vom einfachsten bis zum komplexesten,<br \/>\nausget\u00fcftelt bis ins kleinste Detail.[\/vc_column_text][vc_single_image image=&#8220;1155&#8243; img_size=&#8220;full&#8220; alignment=&#8220;center&#8220; css=&#8220;.vc_custom_1543932880585{margin-bottom: 0px !important;}&#8220;][\/vc_column][vc_column width=&#8220;1\/2&#8243;][vc_empty_space height=&#8220;35px&#8220;][vc_custom_heading text=&#8220;VIDEO&#8220; use_theme_fonts=&#8220;yes&#8220; el_class=&#8220;title-celeste&#8220;][vc_column_text el_class=&#8220;sub-title-celeste text-center-celeste&#8220;]Wir begleiten Sie gern auf Ihrem virtuellen<br \/>\nBesuch durch unseren Betrieb.[\/vc_column_text][vc_video link=&#8220;https:\/\/www.youtube.com\/watch?v=8cNCDohH6PM&#8220; align=&#8220;center&#8220;][\/vc_column][\/vc_row][vc_row full_width=&#8220;stretch_row&#8220; equal_height=&#8220;yes&#8220; css=&#8220;.vc_custom_1540391181201{background-color: #eeeeee !important;}&#8220;][vc_column][vc_custom_heading text=&#8220;news&#8220; use_theme_fonts=&#8220;yes&#8220; el_class=&#8220;title-celeste&#8220; css=&#8220;.vc_custom_1547626097125{margin-bottom: 30px !important;}&#8220;][vc_basic_grid post_type=&#8220;post&#8220; max_items=&#8220;2&#8243; element_width=&#8220;6&#8243; item=&#8220;1988&#8243; grid_id=&#8220;vc_gid:1706000399461-4602531e-02ba-0&#8243; el_class=&#8220;post-news-home&#8220;][\/vc_column][\/vc_row][vc_row][vc_column][vc_custom_heading text=&#8220;Spezialfilter und Schalld\u00e4mpfer f\u00fcr pneumatische Ventile&#8220; font_container=&#8220;tag:h1|text_align:left&#8220; use_theme_fonts=&#8220;yes&#8220; el_class=&#8220;title-celeste&#8220;][\/vc_column][\/vc_row][vc_row][vc_column][vc_column_text el_class=&#8220;sub-title-celeste text-center-celeste&#8220;]Copor snc ist ein Unternehmen, das sich auf die Herstellung von <strong>gesinterten Filtern<\/strong> und <strong>gesinterten Schalld\u00e4mpfern<\/strong> unter Verwendung von kugelf\u00f6rmigem Bronzepulver und Edelstahl spezialisiert hat. Die Produktpalette umfasst verschiedene Arten von gesinterten Produkten: von den por\u00f6sesten <strong>Sinterfiltern aus Edelstahl<\/strong> bis hin zu <strong>Sinterbronzefiltern<\/strong> und <strong>Gewebefiltern<\/strong>. Wir bieten auch ein breites Standardsortiment an pneumatischen Ventilschalld\u00e4mpfern an.[\/vc_column_text][\/vc_column][\/vc_row][vc_row][vc_column][vc_custom_heading text=&#8220;Sinterfilter aus Edelstahl&#8220; font_container=&#8220;tag:h2|font_size:23px|text_align:left&#8220; use_theme_fonts=&#8220;yes&#8220; el_class=&#8220;title-celeste&#8220;][\/vc_column][\/vc_row][vc_row][vc_column][vc_column_text el_class=&#8220;sub-title-celeste text-center-celeste&#8220;]Design und Herstellung von Sinterkomponenten f\u00fcr die Filtration und industrielle Automatisierung. Das Angebot umfasst eine breite Palette von <strong>Sinterschalld\u00e4mpfern<\/strong> und Spezialfiltern. Die Produktpalette von Copor umfasst <strong>gesinterte Stahlfilter<\/strong>, <strong>Sinterbronzefilter<\/strong>, <strong>Drahtfilter<\/strong> und <strong>Gewebefilter<\/strong>. Die hergestellten Filter werden haupts\u00e4chlich in der Pneumatikindustrie eingesetzt, aber auch in all jenen Bereichen, in denen es notwendig ist, ein Fluid (Fl\u00fcssigkeit oder Gas) zu filtern, das mit den verwendeten Materialien kompatibel ist. Dazu geh\u00f6ren der Lebensmittel-, Bau-, Landwirtschafts-, \u00d6nologie- und Automotivbereich sowie die Chemie, Petrochemie und Pharmazie.[\/vc_column_text][\/vc_column][\/vc_row][vc_row][vc_column][vc_custom_heading text=&#8220;Schalld\u00e4mpfer f\u00fcr pneumatische Ventile&#8220; font_container=&#8220;tag:h2|font_size:23px|text_align:left&#8220; use_theme_fonts=&#8220;yes&#8220; el_class=&#8220;title-celeste&#8220;][\/vc_column][\/vc_row][vc_row][vc_column][vc_column_text el_class=&#8220;sub-title-celeste text-center-celeste&#8220;]<strong>Schalld\u00e4mpfer<\/strong> von Copor werden aus <strong>gesintertem Pulver<\/strong> mittlerer K\u00f6rnung hergestellt und sind nach ISO\u00a09001 zertifiziert. Die Qualit\u00e4t wird durch die Kontrolle der Rohstoffe und der Verarbeitungsphasen garantiert, mit besonderem Augenmerk auf das Endprodukt. <strong>Schalld\u00e4mpfer<\/strong> in Bronze, Metall und Edelstahl. Filterelemente zur Ger\u00e4uschreduzierung, die unter Verwendung hochwertiger Rohstoffe wie Edelstahl und Bronze hergestellt werden.[\/vc_column_text][\/vc_column][\/vc_row]<\/p>\n<\/div>","protected":false},"excerpt":{"rendered":"<p>[vc_row full_width=&#8220;stretch_row_content_no_spaces&#8220; equal_height=&#8220;yes&#8220; el_class=&#8220;container-header-home&#8220;][vc_column width=&#8220;1\/2&#8243; el_class=&#8220;box-header bg-blue&#8220;][\/vc_column][vc_column width=&#8220;1\/2&#8243; el_class=&#8220;box-header bg-red&#8220;][\/vc_column][\/vc_row][vc_row el_class=&#8220;container-edge-color-header&#8220;][vc_column width=&#8220;1\/2&#8243; el_class=&#8220;edge-gray&#8220;][vc_row_inner equal_height=&#8220;yes&#8220;][vc_column_inner width=&#8220;2\/3&#8243;][vc_custom_heading text=&#8220;SCHALLD\u00c4MPFER&#8220; use_theme_fonts=&#8220;yes&#8220; el_class=&#8220;title-celeste&#8220;][vc_column_text el_class=&#8220;sub-title-header-edge&#8220;]auf der [&hellip;]<\/p>\n","protected":false},"author":1,"featured_media":0,"parent":0,"menu_order":0,"comment_status":"closed","ping_status":"closed","template":"","meta":{"_acf_changed":false,"footnotes":""},"class_list":["post-1401","page","type-page","status-publish","hentry"],"acf":[],"yoast_head":"<!-- This site is optimized with the Yoast SEO plugin v27.4 - https:\/\/yoast.com\/product\/yoast-seo-wordpress\/ -->\n<title>Spezialfilter und Schalld\u00e4mpfer f\u00fcr pneumatische Ventile | Copor<\/title>\n<meta name=\"description\" content=\"Copor snc entwickelt Probleml\u00f6sungen f\u00fcr kleine Filtrationseinheiten: Sinterfilter aus Edelstahl, Gewebefilter und Schalld\u00e4mpfer f\u00fcr pneumatische Ventile.\" \/>\n<meta name=\"robots\" content=\"index, follow, max-snippet:-1, max-image-preview:large, max-video-preview:-1\" \/>\n<link rel=\"canonical\" href=\"https:\/\/www.copor.com\/home\/\" \/>\n<meta property=\"og:locale\" content=\"de_DE\" \/>\n<meta property=\"og:type\" content=\"article\" \/>\n<meta property=\"og:title\" content=\"Spezialfilter und Schalld\u00e4mpfer f\u00fcr pneumatische Ventile | Copor\" \/>\n<meta property=\"og:description\" content=\"Copor snc entwickelt Probleml\u00f6sungen f\u00fcr kleine Filtrationseinheiten: Sinterfilter aus Edelstahl, Gewebefilter und Schalld\u00e4mpfer f\u00fcr pneumatische Ventile.\" \/>\n<meta property=\"og:url\" content=\"https:\/\/www.copor.com\/home\/\" \/>\n<meta property=\"og:site_name\" content=\"Copor\" \/>\n<meta property=\"article:modified_time\" content=\"2024-01-23T09:00:36+00:00\" \/>\n<meta name=\"twitter:card\" content=\"summary_large_image\" \/>\n<meta name=\"twitter:label1\" content=\"Gesch\u00e4tzte Lesezeit\" \/>\n\t<meta name=\"twitter:data1\" content=\"9\u00a0Minuten\" \/>\n<script type=\"application\/ld+json\" class=\"yoast-schema-graph\">{\"@context\":\"https:\\\/\\\/schema.org\",\"@graph\":[{\"@type\":\"WebPage\",\"@id\":\"https:\\\/\\\/www.copor.com\\\/home\\\/\",\"url\":\"https:\\\/\\\/www.copor.com\\\/home\\\/\",\"name\":\"Spezialfilter und Schalld\u00e4mpfer f\u00fcr pneumatische Ventile | Copor\",\"isPartOf\":{\"@id\":\"https:\\\/\\\/www.copor.com\\\/#website\"},\"datePublished\":\"2018-10-22T15:04:44+00:00\",\"dateModified\":\"2024-01-23T09:00:36+00:00\",\"description\":\"Copor snc entwickelt Probleml\u00f6sungen f\u00fcr kleine Filtrationseinheiten: Sinterfilter aus Edelstahl, Gewebefilter und Schalld\u00e4mpfer f\u00fcr pneumatische Ventile.\",\"breadcrumb\":{\"@id\":\"https:\\\/\\\/www.copor.com\\\/home\\\/#breadcrumb\"},\"inLanguage\":\"de\",\"potentialAction\":[{\"@type\":\"ReadAction\",\"target\":[\"https:\\\/\\\/www.copor.com\\\/home\\\/\"]}]},{\"@type\":\"BreadcrumbList\",\"@id\":\"https:\\\/\\\/www.copor.com\\\/home\\\/#breadcrumb\",\"itemListElement\":[{\"@type\":\"ListItem\",\"position\":1,\"name\":\"Home\",\"item\":\"https:\\\/\\\/www.copor.com\\\/home\\\/\"},{\"@type\":\"ListItem\",\"position\":2,\"name\":\"Home\"}]},{\"@type\":\"WebSite\",\"@id\":\"https:\\\/\\\/www.copor.com\\\/#website\",\"url\":\"https:\\\/\\\/www.copor.com\\\/\",\"name\":\"Copor\",\"description\":\"Looking for filtration and silence\",\"publisher\":{\"@id\":\"https:\\\/\\\/www.copor.com\\\/#organization\"},\"potentialAction\":[{\"@type\":\"SearchAction\",\"target\":{\"@type\":\"EntryPoint\",\"urlTemplate\":\"https:\\\/\\\/www.copor.com\\\/?s={search_term_string}\"},\"query-input\":{\"@type\":\"PropertyValueSpecification\",\"valueRequired\":true,\"valueName\":\"search_term_string\"}}],\"inLanguage\":\"de\"},{\"@type\":\"Organization\",\"@id\":\"https:\\\/\\\/www.copor.com\\\/#organization\",\"name\":\"COPOR SNC\",\"url\":\"https:\\\/\\\/www.copor.com\\\/\",\"logo\":{\"@type\":\"ImageObject\",\"inLanguage\":\"de\",\"@id\":\"https:\\\/\\\/www.copor.com\\\/#\\\/schema\\\/logo\\\/image\\\/\",\"url\":\"https:\\\/\\\/www.copor.com\\\/wp-content\\\/uploads\\\/2018\\\/12\\\/COPOR_LOGO-40.png\",\"contentUrl\":\"https:\\\/\\\/www.copor.com\\\/wp-content\\\/uploads\\\/2018\\\/12\\\/COPOR_LOGO-40.png\",\"width\":294,\"height\":135,\"caption\":\"COPOR SNC\"},\"image\":{\"@id\":\"https:\\\/\\\/www.copor.com\\\/#\\\/schema\\\/logo\\\/image\\\/\"}}]}<\/script>\n<!-- \/ Yoast SEO plugin. -->","yoast_head_json":{"title":"Spezialfilter und Schalld\u00e4mpfer f\u00fcr pneumatische Ventile | Copor","description":"Copor snc entwickelt Probleml\u00f6sungen f\u00fcr kleine Filtrationseinheiten: Sinterfilter aus Edelstahl, Gewebefilter und Schalld\u00e4mpfer f\u00fcr pneumatische Ventile.","robots":{"index":"index","follow":"follow","max-snippet":"max-snippet:-1","max-image-preview":"max-image-preview:large","max-video-preview":"max-video-preview:-1"},"canonical":"https:\/\/www.copor.com\/home\/","og_locale":"de_DE","og_type":"article","og_title":"Spezialfilter und Schalld\u00e4mpfer f\u00fcr pneumatische Ventile | Copor","og_description":"Copor snc entwickelt Probleml\u00f6sungen f\u00fcr kleine Filtrationseinheiten: Sinterfilter aus Edelstahl, Gewebefilter und Schalld\u00e4mpfer f\u00fcr pneumatische Ventile.","og_url":"https:\/\/www.copor.com\/home\/","og_site_name":"Copor","article_modified_time":"2024-01-23T09:00:36+00:00","twitter_card":"summary_large_image","twitter_misc":{"Gesch\u00e4tzte Lesezeit":"9\u00a0Minuten"},"schema":{"@context":"https:\/\/schema.org","@graph":[{"@type":"WebPage","@id":"https:\/\/www.copor.com\/home\/","url":"https:\/\/www.copor.com\/home\/","name":"Spezialfilter und Schalld\u00e4mpfer f\u00fcr pneumatische Ventile | Copor","isPartOf":{"@id":"https:\/\/www.copor.com\/#website"},"datePublished":"2018-10-22T15:04:44+00:00","dateModified":"2024-01-23T09:00:36+00:00","description":"Copor snc entwickelt Probleml\u00f6sungen f\u00fcr kleine Filtrationseinheiten: Sinterfilter aus Edelstahl, Gewebefilter und Schalld\u00e4mpfer f\u00fcr pneumatische Ventile.","breadcrumb":{"@id":"https:\/\/www.copor.com\/home\/#breadcrumb"},"inLanguage":"de","potentialAction":[{"@type":"ReadAction","target":["https:\/\/www.copor.com\/home\/"]}]},{"@type":"BreadcrumbList","@id":"https:\/\/www.copor.com\/home\/#breadcrumb","itemListElement":[{"@type":"ListItem","position":1,"name":"Home","item":"https:\/\/www.copor.com\/home\/"},{"@type":"ListItem","position":2,"name":"Home"}]},{"@type":"WebSite","@id":"https:\/\/www.copor.com\/#website","url":"https:\/\/www.copor.com\/","name":"Copor","description":"Looking for filtration and silence","publisher":{"@id":"https:\/\/www.copor.com\/#organization"},"potentialAction":[{"@type":"SearchAction","target":{"@type":"EntryPoint","urlTemplate":"https:\/\/www.copor.com\/?s={search_term_string}"},"query-input":{"@type":"PropertyValueSpecification","valueRequired":true,"valueName":"search_term_string"}}],"inLanguage":"de"},{"@type":"Organization","@id":"https:\/\/www.copor.com\/#organization","name":"COPOR SNC","url":"https:\/\/www.copor.com\/","logo":{"@type":"ImageObject","inLanguage":"de","@id":"https:\/\/www.copor.com\/#\/schema\/logo\/image\/","url":"https:\/\/www.copor.com\/wp-content\/uploads\/2018\/12\/COPOR_LOGO-40.png","contentUrl":"https:\/\/www.copor.com\/wp-content\/uploads\/2018\/12\/COPOR_LOGO-40.png","width":294,"height":135,"caption":"COPOR SNC"},"image":{"@id":"https:\/\/www.copor.com\/#\/schema\/logo\/image\/"}}]}},"_links":{"self":[{"href":"https:\/\/www.copor.com\/de\/wp-json\/wp\/v2\/pages\/1401","targetHints":{"allow":["GET"]}}],"collection":[{"href":"https:\/\/www.copor.com\/de\/wp-json\/wp\/v2\/pages"}],"about":[{"href":"https:\/\/www.copor.com\/de\/wp-json\/wp\/v2\/types\/page"}],"author":[{"embeddable":true,"href":"https:\/\/www.copor.com\/de\/wp-json\/wp\/v2\/users\/1"}],"replies":[{"embeddable":true,"href":"https:\/\/www.copor.com\/de\/wp-json\/wp\/v2\/comments?post=1401"}],"version-history":[{"count":17,"href":"https:\/\/www.copor.com\/de\/wp-json\/wp\/v2\/pages\/1401\/revisions"}],"predecessor-version":[{"id":3541,"href":"https:\/\/www.copor.com\/de\/wp-json\/wp\/v2\/pages\/1401\/revisions\/3541"}],"wp:attachment":[{"href":"https:\/\/www.copor.com\/de\/wp-json\/wp\/v2\/media?parent=1401"}],"curies":[{"name":"wp","href":"https:\/\/api.w.org\/{rel}","templated":true}]}}