{"id":1410,"date":"2018-10-22T15:24:35","date_gmt":"2018-10-22T15:24:35","guid":{"rendered":"http:\/\/www.copor.com\/chi-siamo\/"},"modified":"2022-06-16T13:10:24","modified_gmt":"2022-06-16T13:10:24","slug":"wer-sind-wir","status":"publish","type":"page","link":"https:\/\/www.copor.com\/de\/wer-sind-wir\/","title":{"rendered":"Wer sind wir"},"content":{"rendered":"<div class=\"wpb-content-wrapper\"><p>[vc_row full_width=&#8220;stretch_row_content_no_spaces&#8220; equal_height=&#8220;yes&#8220; el_class=&#8220;container-img-header-page&#8220;][vc_column width=&#8220;1\/2&#8243;][\/vc_column][vc_column width=&#8220;1\/2&#8243; el_class=&#8220;container-img-header-blend who-is&#8220;][vc_custom_heading text=&#8220;copor&#8220; use_theme_fonts=&#8220;yes&#8220; el_class=&#8220;title-img-page&#8220;][vc_column_text el_class=&#8220;sub-title-img-page&#8220;]EIN BEZUGSPUNKT<br \/>\nF\u00dcR DIE UNTERNEHMEN DER BRANCHE[\/vc_column_text][\/vc_column][\/vc_row][vc_row css=&#8220;.vc_custom_1540462206869{margin-bottom: 45px !important;}&#8220;][vc_column][vc_custom_heading text=&#8220;about copor&#8220; font_container=&#8220;tag:h2|text_align:center&#8220; use_theme_fonts=&#8220;yes&#8220; el_class=&#8220;title-celeste&#8220; css=&#8220;.vc_custom_1540462008691{margin-bottom: 35px !important;}&#8220;][vc_column_text]<\/p>\n<p style=\"text-align: center;\">Copor snc wurde 1980 mit der \u00dcbernahme eines f\u00fchrenden Unternehmens im Sinterbereich gegr\u00fcndet und<br \/>\nbesitzt heute eine Struktur von 2600 Quadratmetern, von denen 200 als B\u00fcrofl\u00e4che genutzt werden.<br \/>\nDas Unternehmen begegnet dem stetigen Umsatzwachstum auf dynamische Weise, sowohl<br \/>\nauf dem nationalen als auf dem internationalen Markt der Herstellung von <a href=\"https:\/\/www.copor.com\/de\/produkte\/filter\/\"><strong>Filtern<\/strong><\/a> und <a href=\"https:\/\/www.copor.com\/de\/produkte\/schalldaempfer\/\"><strong>Schalld\u00e4mpfern<\/strong><\/a>. Ende der 90-er-Jahre erhielt das Unternehmen die <a href=\"https:\/\/www.copor.com\/de\/zertifizierungen\/\"><strong>Zertifizierung der Unternehmensqualit\u00e4t ISO\u00a09000<\/strong><\/a>.<\/p>\n<p>&nbsp;<\/p>\n<p style=\"text-align: center;\">Copor snc bietet und entwickelt Probleml\u00f6sungen f\u00fcr kleine Filtrationseinheiten. Die Qualit\u00e4t der Produkte, die durch einen sorgf\u00e4ltigen <a href=\"https:\/\/www.copor.com\/de\/technische-pruefungen\/\"><strong>Testprozess<\/strong><\/a> garantiert wird, ist die Garantie f\u00fcr eine dauerhafte Zusammenarbeit.<br \/>\nDas Management hat es sich zum Ziel gemacht, die Kundenbindung kontinuierlich zu verbessern, und sucht gleichzeitig stets nach neuen M\u00e4rkten und Anwendungen, um das Gesch\u00e4ft weiter auszubauen.<\/p>\n<p>&nbsp;<\/p>\n<p style=\"text-align: center;\">Die Produktion verf\u00fcgt heute \u00fcber Produkte von h\u00f6chster Qualit\u00e4t im Bereich der industriellen Filterung. Ausgehend von der Verarbeitung des Rohmaterials ist Copor in der Lage, unterschiedliche Anforderungen zu erf\u00fcllen und eine breite Palette von Filtern herzustellen: <a href=\"https:\/\/www.copor.com\/de\/filtri\/fiilter-aus-kugelfoermigem-bronzepulver\/\"><strong>Filter aus kugelf\u00f6rmigen Bronzepulver<\/strong><\/a>, <a href=\"https:\/\/www.copor.com\/de\/filtri\/filter-aus-inox-stahlpulver\/\"><strong>Filter aus Edelstahlpulver<\/strong><\/a>, <a href=\"https:\/\/www.copor.com\/de\/filtri\/filter-aus-metalldraht\/\"><strong>Metalldrahtfilter<\/strong><\/a> und <a href=\"https:\/\/www.copor.com\/de\/filtri\/gewebefilter\/\"><strong>Gewebefilter<\/strong><\/a>.<br \/>\nDar\u00fcber hinaus fertigt Copor je nach Kundenwunsch eine Vielzahl von <a href=\"https:\/\/www.copor.com\/prodotti\/silenziatori\/\"><strong>Schalld\u00e4mpfern<\/strong><\/a>, die sich durch Material und Anwendungsbereich unterscheiden. Die Kundschaft wird bei der Auswahl des am besten geeigneten <strong>Schalld\u00e4mpfers<\/strong> durch die Bereitstellung von <a href=\"https:\/\/www.copor.com\/prodotti\/silenziatori\/diagrammi-di-flusso-comparativi\/\"><strong>Vergleichsdurchflussdiagrammen<\/strong><\/a> unterst\u00fctzt, die fallspezifisch erstellt werden.<\/p>\n<p>&nbsp;<\/p>\n<p style=\"text-align: center;\">Alle Verarbeitungsschritte werden kontrolliert und protokolliert; die R\u00fcckverfolgbarkeit auf Anfrage ist gew\u00e4hrleistet. Durch vollautomatische Produktionszyklen kann Copor snc gro\u00dfe Mengen produzieren, aber auch wenige St\u00fccke sicherstellen. Die Sinter\u00f6fen garantieren zudem eine hohe \u201eCapability\u201c.<\/p>\n<p>[\/vc_column_text][\/vc_column][\/vc_row][vc_row css=&#8220;.vc_custom_1540462255588{margin-bottom: 60px !important;}&#8220;][vc_column][vc_media_grid element_width=&#8220;3&#8243; grid_id=&#8220;vc_gid:1655384998866-4a9a3fc4-d7dc-1&#8243; include=&#8220;1320,1322,1324,1326,1332,1328,1336,1334&#8243; el_class=&#8220;container-gallery&#8220;][\/vc_column][\/vc_row]<\/p>\n<\/div>","protected":false},"excerpt":{"rendered":"<p>[vc_row full_width=&#8220;stretch_row_content_no_spaces&#8220; equal_height=&#8220;yes&#8220; el_class=&#8220;container-img-header-page&#8220;][vc_column width=&#8220;1\/2&#8243;][\/vc_column][vc_column width=&#8220;1\/2&#8243; el_class=&#8220;container-img-header-blend who-is&#8220;][vc_custom_heading text=&#8220;copor&#8220; use_theme_fonts=&#8220;yes&#8220; el_class=&#8220;title-img-page&#8220;][vc_column_text el_class=&#8220;sub-title-img-page&#8220;]EIN BEZUGSPUNKT F\u00dcR DIE UNTERNEHMEN DER BRANCHE[\/vc_column_text][\/vc_column][\/vc_row][vc_row css=&#8220;.vc_custom_1540462206869{margin-bottom: 45px [&hellip;]<\/p>\n","protected":false},"author":1,"featured_media":0,"parent":0,"menu_order":0,"comment_status":"closed","ping_status":"closed","template":"","meta":{"_acf_changed":false,"footnotes":""},"class_list":["post-1410","page","type-page","status-publish","hentry"],"acf":[],"yoast_head":"<!-- This site is optimized with the Yoast SEO plugin v27.5 - https:\/\/yoast.com\/product\/yoast-seo-wordpress\/ -->\n<title>F\u00fchrender Hersteller von Filter und Schalld\u00e4mpfer | Copor<\/title>\n<meta name=\"description\" content=\"Copor snc bietet und entwickelt Probleml\u00f6sungen f\u00fcr kleine Filtrationseinheiten. Die Qualit\u00e4t der Produkte garantiert eine dauerhafte Zusammenarbeit.\" \/>\n<meta name=\"robots\" content=\"index, follow, max-snippet:-1, max-image-preview:large, max-video-preview:-1\" \/>\n<link rel=\"canonical\" href=\"https:\/\/www.copor.com\/wer-sind-wir\/\" \/>\n<meta property=\"og:locale\" content=\"de_DE\" \/>\n<meta property=\"og:type\" content=\"article\" \/>\n<meta property=\"og:title\" content=\"F\u00fchrender Hersteller von Filter und Schalld\u00e4mpfer | Copor\" \/>\n<meta property=\"og:description\" content=\"Copor snc bietet und entwickelt Probleml\u00f6sungen f\u00fcr kleine Filtrationseinheiten. Die Qualit\u00e4t der Produkte garantiert eine dauerhafte Zusammenarbeit.\" \/>\n<meta property=\"og:url\" content=\"https:\/\/www.copor.com\/wer-sind-wir\/\" \/>\n<meta property=\"og:site_name\" content=\"Copor\" \/>\n<meta property=\"article:modified_time\" content=\"2022-06-16T13:10:24+00:00\" \/>\n<meta name=\"twitter:card\" content=\"summary_large_image\" \/>\n<meta name=\"twitter:label1\" content=\"Gesch\u00e4tzte Lesezeit\" \/>\n\t<meta name=\"twitter:data1\" content=\"2\u00a0Minuten\" \/>\n<script type=\"application\/ld+json\" class=\"yoast-schema-graph\">{\"@context\":\"https:\\\/\\\/schema.org\",\"@graph\":[{\"@type\":\"WebPage\",\"@id\":\"https:\\\/\\\/www.copor.com\\\/wer-sind-wir\\\/\",\"url\":\"https:\\\/\\\/www.copor.com\\\/wer-sind-wir\\\/\",\"name\":\"F\u00fchrender Hersteller von Filter und Schalld\u00e4mpfer | Copor\",\"isPartOf\":{\"@id\":\"https:\\\/\\\/www.copor.com\\\/#website\"},\"datePublished\":\"2018-10-22T15:24:35+00:00\",\"dateModified\":\"2022-06-16T13:10:24+00:00\",\"description\":\"Copor snc bietet und entwickelt Probleml\u00f6sungen f\u00fcr kleine Filtrationseinheiten. Die Qualit\u00e4t der Produkte garantiert eine dauerhafte Zusammenarbeit.\",\"breadcrumb\":{\"@id\":\"https:\\\/\\\/www.copor.com\\\/wer-sind-wir\\\/#breadcrumb\"},\"inLanguage\":\"de\",\"potentialAction\":[{\"@type\":\"ReadAction\",\"target\":[\"https:\\\/\\\/www.copor.com\\\/wer-sind-wir\\\/\"]}]},{\"@type\":\"BreadcrumbList\",\"@id\":\"https:\\\/\\\/www.copor.com\\\/wer-sind-wir\\\/#breadcrumb\",\"itemListElement\":[{\"@type\":\"ListItem\",\"position\":1,\"name\":\"Home\",\"item\":\"https:\\\/\\\/www.copor.com\\\/home\\\/\"},{\"@type\":\"ListItem\",\"position\":2,\"name\":\"Wer sind wir\"}]},{\"@type\":\"WebSite\",\"@id\":\"https:\\\/\\\/www.copor.com\\\/#website\",\"url\":\"https:\\\/\\\/www.copor.com\\\/\",\"name\":\"Copor\",\"description\":\"Looking for filtration and silence\",\"publisher\":{\"@id\":\"https:\\\/\\\/www.copor.com\\\/#organization\"},\"potentialAction\":[{\"@type\":\"SearchAction\",\"target\":{\"@type\":\"EntryPoint\",\"urlTemplate\":\"https:\\\/\\\/www.copor.com\\\/?s={search_term_string}\"},\"query-input\":{\"@type\":\"PropertyValueSpecification\",\"valueRequired\":true,\"valueName\":\"search_term_string\"}}],\"inLanguage\":\"de\"},{\"@type\":\"Organization\",\"@id\":\"https:\\\/\\\/www.copor.com\\\/#organization\",\"name\":\"COPOR SNC\",\"url\":\"https:\\\/\\\/www.copor.com\\\/\",\"logo\":{\"@type\":\"ImageObject\",\"inLanguage\":\"de\",\"@id\":\"https:\\\/\\\/www.copor.com\\\/#\\\/schema\\\/logo\\\/image\\\/\",\"url\":\"https:\\\/\\\/www.copor.com\\\/wp-content\\\/uploads\\\/2018\\\/12\\\/COPOR_LOGO-40.png\",\"contentUrl\":\"https:\\\/\\\/www.copor.com\\\/wp-content\\\/uploads\\\/2018\\\/12\\\/COPOR_LOGO-40.png\",\"width\":294,\"height\":135,\"caption\":\"COPOR SNC\"},\"image\":{\"@id\":\"https:\\\/\\\/www.copor.com\\\/#\\\/schema\\\/logo\\\/image\\\/\"}}]}<\/script>\n<!-- \/ Yoast SEO plugin. -->","yoast_head_json":{"title":"F\u00fchrender Hersteller von Filter und Schalld\u00e4mpfer | Copor","description":"Copor snc bietet und entwickelt Probleml\u00f6sungen f\u00fcr kleine Filtrationseinheiten. Die Qualit\u00e4t der Produkte garantiert eine dauerhafte Zusammenarbeit.","robots":{"index":"index","follow":"follow","max-snippet":"max-snippet:-1","max-image-preview":"max-image-preview:large","max-video-preview":"max-video-preview:-1"},"canonical":"https:\/\/www.copor.com\/wer-sind-wir\/","og_locale":"de_DE","og_type":"article","og_title":"F\u00fchrender Hersteller von Filter und Schalld\u00e4mpfer | Copor","og_description":"Copor snc bietet und entwickelt Probleml\u00f6sungen f\u00fcr kleine Filtrationseinheiten. Die Qualit\u00e4t der Produkte garantiert eine dauerhafte Zusammenarbeit.","og_url":"https:\/\/www.copor.com\/wer-sind-wir\/","og_site_name":"Copor","article_modified_time":"2022-06-16T13:10:24+00:00","twitter_card":"summary_large_image","twitter_misc":{"Gesch\u00e4tzte Lesezeit":"2\u00a0Minuten"},"schema":{"@context":"https:\/\/schema.org","@graph":[{"@type":"WebPage","@id":"https:\/\/www.copor.com\/wer-sind-wir\/","url":"https:\/\/www.copor.com\/wer-sind-wir\/","name":"F\u00fchrender Hersteller von Filter und Schalld\u00e4mpfer | Copor","isPartOf":{"@id":"https:\/\/www.copor.com\/#website"},"datePublished":"2018-10-22T15:24:35+00:00","dateModified":"2022-06-16T13:10:24+00:00","description":"Copor snc bietet und entwickelt Probleml\u00f6sungen f\u00fcr kleine Filtrationseinheiten. Die Qualit\u00e4t der Produkte garantiert eine dauerhafte Zusammenarbeit.","breadcrumb":{"@id":"https:\/\/www.copor.com\/wer-sind-wir\/#breadcrumb"},"inLanguage":"de","potentialAction":[{"@type":"ReadAction","target":["https:\/\/www.copor.com\/wer-sind-wir\/"]}]},{"@type":"BreadcrumbList","@id":"https:\/\/www.copor.com\/wer-sind-wir\/#breadcrumb","itemListElement":[{"@type":"ListItem","position":1,"name":"Home","item":"https:\/\/www.copor.com\/home\/"},{"@type":"ListItem","position":2,"name":"Wer sind wir"}]},{"@type":"WebSite","@id":"https:\/\/www.copor.com\/#website","url":"https:\/\/www.copor.com\/","name":"Copor","description":"Looking for filtration and silence","publisher":{"@id":"https:\/\/www.copor.com\/#organization"},"potentialAction":[{"@type":"SearchAction","target":{"@type":"EntryPoint","urlTemplate":"https:\/\/www.copor.com\/?s={search_term_string}"},"query-input":{"@type":"PropertyValueSpecification","valueRequired":true,"valueName":"search_term_string"}}],"inLanguage":"de"},{"@type":"Organization","@id":"https:\/\/www.copor.com\/#organization","name":"COPOR SNC","url":"https:\/\/www.copor.com\/","logo":{"@type":"ImageObject","inLanguage":"de","@id":"https:\/\/www.copor.com\/#\/schema\/logo\/image\/","url":"https:\/\/www.copor.com\/wp-content\/uploads\/2018\/12\/COPOR_LOGO-40.png","contentUrl":"https:\/\/www.copor.com\/wp-content\/uploads\/2018\/12\/COPOR_LOGO-40.png","width":294,"height":135,"caption":"COPOR SNC"},"image":{"@id":"https:\/\/www.copor.com\/#\/schema\/logo\/image\/"}}]}},"_links":{"self":[{"href":"https:\/\/www.copor.com\/de\/wp-json\/wp\/v2\/pages\/1410","targetHints":{"allow":["GET"]}}],"collection":[{"href":"https:\/\/www.copor.com\/de\/wp-json\/wp\/v2\/pages"}],"about":[{"href":"https:\/\/www.copor.com\/de\/wp-json\/wp\/v2\/types\/page"}],"author":[{"embeddable":true,"href":"https:\/\/www.copor.com\/de\/wp-json\/wp\/v2\/users\/1"}],"replies":[{"embeddable":true,"href":"https:\/\/www.copor.com\/de\/wp-json\/wp\/v2\/comments?post=1410"}],"version-history":[{"count":6,"href":"https:\/\/www.copor.com\/de\/wp-json\/wp\/v2\/pages\/1410\/revisions"}],"predecessor-version":[{"id":3101,"href":"https:\/\/www.copor.com\/de\/wp-json\/wp\/v2\/pages\/1410\/revisions\/3101"}],"wp:attachment":[{"href":"https:\/\/www.copor.com\/de\/wp-json\/wp\/v2\/media?parent=1410"}],"curies":[{"name":"wp","href":"https:\/\/api.w.org\/{rel}","templated":true}]}}