{"id":1540,"date":"2018-10-22T15:24:55","date_gmt":"2018-10-22T15:24:55","guid":{"rendered":"http:\/\/www.copor.com\/prove-tecniche\/"},"modified":"2022-06-01T14:59:59","modified_gmt":"2022-06-01T14:59:59","slug":"technische-pruefungen","status":"publish","type":"page","link":"https:\/\/www.copor.com\/de\/technische-pruefungen\/","title":{"rendered":"Technische pr\u00fcfungen"},"content":{"rendered":"<div class=\"wpb-content-wrapper\"><p>[vc_row full_width=&#8220;stretch_row_content_no_spaces&#8220; equal_height=&#8220;yes&#8220; el_class=&#8220;container-img-header-page prove&#8220;][vc_column width=&#8220;1\/2&#8243;][\/vc_column][vc_column width=&#8220;1\/2&#8243; el_class=&#8220;container-img-header-blend prove&#8220;][vc_custom_heading text=&#8220;copor&#8220; use_theme_fonts=&#8220;yes&#8220; el_class=&#8220;title-img-page&#8220;][vc_column_text el_class=&#8220;sub-title-img-page&#8220;]konkrete unterst\u00fctzung<br \/>\nder konstrukteure[\/vc_column_text][\/vc_column][\/vc_row][vc_row css=&#8220;.vc_custom_1540462206869{margin-bottom: 45px !important;}&#8220;][vc_column][vc_custom_heading text=&#8220;Technische Pr\u00fcfungen&#8220; font_container=&#8220;tag:h2|text_align:center&#8220; use_theme_fonts=&#8220;yes&#8220; el_class=&#8220;title-celeste&#8220; css=&#8220;.vc_custom_1652439616374{margin-bottom: 30px !important;}&#8220;][vc_column_text]<\/p>\n<p style=\"text-align: center;\">Um unserer Kundschaft eine umfassende Dokumentation zu sichern, hat unsere technische Abteilung einen speziellen Pr\u00fcfstand f\u00fcr Tests an <strong><a href=\"https:\/\/www.copor.com\/de\/produkte\/schalldaempfer\/\">Druckluftschalld\u00e4mpfern<\/a><\/strong> und f\u00fcr die <a href=\"https:\/\/www.copor.com\/de\/produkte\/filter\/\"><strong>Sinterfilter<\/strong><\/a> unserer Produktion entwickelt und eingesetzt.<br \/>\nMit Erreichen der Zertifizierung ISO 9001 ist die Pr\u00fcfungs- und Testphase in den Verfahren unseres Qualit\u00e4tshandbuchs, insbesondere f\u00fcr neue Produkte, von gr\u00f6\u00dfter Bedeutung.<br \/>\nBei der Auswahl der Messger\u00e4te z\u00e4hlen wir auf die Zusammenarbeit mit dem technischen B\u00fcro der Firma ASA in Sesto S. Giovanni (MI).<br \/>\nDie <strong>Ger\u00e4uschpr\u00fcfungen<\/strong> wurden in einer Arbeitsumgebung durchgef\u00fchrt, in der normalerweise pneumatische Ger\u00e4te verwendet werden.<br \/>\nDer Zweck unserer Tests war es, die Produktentwicklung dabei zu unterst\u00fctzen, den<br \/>\nbesten Kompromiss zwischen Durchl\u00e4ssigkeit und Ger\u00e4uschreduzierung zu finden. Der Bericht ist unterteilt in:<\/p>\n<ul style=\"text-align: center;\">\n<li><strong>Durchflusstests<\/strong><\/li>\n<li><strong>Ger\u00e4uschpr\u00fcfungen<\/strong><\/li>\n<li><strong>Durchflussdiagramme<\/strong><\/li>\n<li><strong><a href=\"https:\/\/www.copor.com\/de\/produkte\/schalldaempfer\/vergleichende-flussdiagramme\/\">Vergleichsdurchflussdiagramme<\/a><\/strong><\/li>\n<\/ul>\n<h2 style=\"text-align: center;\">Beschreibung der Messger\u00e4te<\/h2>\n<p style=\"text-align: center;\">Die Durchfluss- und Ger\u00e4uschtests wurden mit folgenden Messger\u00e4ten durchgef\u00fchrt:<\/p>\n<p>[\/vc_column_text][vc_row_inner][vc_column_inner width=&#8220;1\/2&#8243;][vc_column_text el_class=&#8220;pd-text-prova &#8222;]<strong>1<\/strong>) <strong>ASA-Durchflussmesser<\/strong> Modell\u00a0e5\u00a02800<br \/>\nSeriennummer 117026 max. Messbereich 16\u00a0000 Nl\/h<\/p>\n<p>2)\u00a0<strong>ASA-Durchflussmesser<\/strong> Modell\u00a0e5\u00a03000<br \/>\nSeriennummer 121021 max. Messbereich 125\u00a0000 Nl\/h<\/p>\n<p>3)\u00a0<strong>ASA-Durchflussmesser<\/strong> Modell\u00a0e5\u00a03100<br \/>\nSeriennummer 122021 max. Messbereich 240\u00a0000 Nl\/h<\/p>\n<p>4)\u00a0<strong>ASA-Durchflussmesser<\/strong> Modell\u00a0e5\u00a03100<br \/>\nSeriennummer 122023 max. Messbereich 400\u00a0000 Nl\/h<br \/>\ndie Werteskala der Durchflussmesser wurde<br \/>\nauf 1013\u00a0mbar (Druck) kalibriert[\/vc_column_text][\/vc_column_inner][vc_column_inner width=&#8220;1\/2&#8243;][vc_column_text]5)\u00a0<strong>Druckregler<\/strong> der Marke Nuova\u00a0Insert<br \/>\nModell mit 2\u2033-Anschl\u00fcssen<\/p>\n<p>6)\u00a0Ferrari-Manometer<\/p>\n<p>7)\u00a0<strong>Ger\u00e4uschmessger\u00e4t<\/strong> Modell\u00a0sl-4001<br \/>\nder Marke Lutron mit Fl\u00fcssigkristallanzeige.<br \/>\nAufl\u00f6sung von 0,1\u00a0dB und Ableseintervall:<br \/>\n30\u00a0\u2013\u00a080\u00a0dB<br \/>\n50\u00a0\u2013\u00a0100\u00a0dB<br \/>\n80\u00a0\u2013\u00a0130\u00a0dB[\/vc_column_text][\/vc_column_inner][\/vc_row_inner][\/vc_column][\/vc_row][vc_row equal_height=&#8220;yes&#8220;][vc_column width=&#8220;1\/2&#8243;][vc_single_image image=&#8220;97&#8243; img_size=&#8220;full&#8220;][\/vc_column][vc_column width=&#8220;1\/2&#8243;][vc_custom_heading text=&#8220;Durchflusstests&#8220; use_theme_fonts=&#8220;yes&#8220; el_class=&#8220;title-celeste prove&#8220;][vc_column_text]Bei der Durchf\u00fchrung der Tests wurde der Gegendruck \u00fcber den <strong>Druckregler<\/strong> variiert. Die Einstellung erfolgte im offenen Kreislauf, d.\u00a0h. w\u00e4hrend die Luft aus den Schalld\u00e4mpfern str\u00f6mte. Der relative Druck wurde an der Basis der <a href=\"https:\/\/www.copor.com\/de\/produkte\/schalldaempfer\/\"><strong>Schalld\u00e4mpfer<\/strong><\/a> mit einem Manometer gemessen.<br \/>\nDie Werte auf den jeweiligen Durchflussmessern wurden \u00fcberpr\u00fcft, indem die auf der Skala des Durchflussmessers angezeigten Daten erfasst und Letztere mit einem Koeffizienten K multipliziert wurden, der je nach dem im Durchflussmesser zum Zeitpunkt des Ablesens vorhandenen relativen Druck variiert.<br \/>\nDer Test wurde an allen Schalld\u00e4mpfermodellen im gleichen Druckbereich durchgef\u00fchrt, beginnend bei der Ma\u00dfeinheit 1\/8\u2033 bis zur Ma\u00dfeinheit 1\u2033; auf diese Weise konnten wir Vergleichsdiagramme nach Gewindegr\u00f6\u00dfe erstellen und sicherstellen, dass die Betriebsbedingungen f\u00fcr alle getesteten Modelle gleich waren.<\/p>\n<p>Der <strong>Durchfluss<\/strong> wurde wie folgt berechnet:<\/p>\n<p>DURCHFLUSS\u00a0= (Lesewert)\u00a0x\u00a0K<br \/>\nK\u00a0= 1,414 bei einem relativen Druck von 1\u00a0bar<br \/>\nK\u00a0= 1,732 bei einem relativen Druck von 2\u00a0bar<br \/>\nK\u00a0= 2,000 bei einem relativen Druck von 3\u00a0bar<br \/>\nK\u00a0= 2,236 bei einem relativen Druck von 4\u00a0bar<br \/>\nK\u00a0= 2,449 bei einem relativen Druck von 5\u00a0bar[\/vc_column_text][\/vc_column][\/vc_row]<\/p>\n<\/div>","protected":false},"excerpt":{"rendered":"<p>[vc_row full_width=&#8220;stretch_row_content_no_spaces&#8220; equal_height=&#8220;yes&#8220; el_class=&#8220;container-img-header-page prove&#8220;][vc_column width=&#8220;1\/2&#8243;][\/vc_column][vc_column width=&#8220;1\/2&#8243; el_class=&#8220;container-img-header-blend prove&#8220;][vc_custom_heading text=&#8220;copor&#8220; use_theme_fonts=&#8220;yes&#8220; el_class=&#8220;title-img-page&#8220;][vc_column_text el_class=&#8220;sub-title-img-page&#8220;]konkrete unterst\u00fctzung der konstrukteure[\/vc_column_text][\/vc_column][\/vc_row][vc_row css=&#8220;.vc_custom_1540462206869{margin-bottom: 45px !important;}&#8220;][vc_column][vc_custom_heading text=&#8220;Technische [&hellip;]<\/p>\n","protected":false},"author":1,"featured_media":0,"parent":0,"menu_order":0,"comment_status":"closed","ping_status":"closed","template":"","meta":{"_acf_changed":false,"footnotes":""},"class_list":["post-1540","page","type-page","status-publish","hentry"],"acf":[],"yoast_head":"<!-- This site is optimized with the Yoast SEO plugin v27.5 - https:\/\/yoast.com\/product\/yoast-seo-wordpress\/ -->\n<title>Technische Abnahme von Schalld\u00e4mpfern und Sinterfiltern | Copor<\/title>\n<meta name=\"description\" content=\"Copor hat einen speziellen Pr\u00fcfstand f\u00fcr Tests an Druckluftschalld\u00e4mpfern und Sinterfiltern entwickelt und eingesetzt.\" \/>\n<meta name=\"robots\" content=\"index, follow, max-snippet:-1, max-image-preview:large, max-video-preview:-1\" \/>\n<link rel=\"canonical\" href=\"https:\/\/www.copor.com\/technische-pruefungen\/\" \/>\n<meta property=\"og:locale\" content=\"de_DE\" \/>\n<meta property=\"og:type\" content=\"article\" \/>\n<meta property=\"og:title\" content=\"Technische Abnahme von Schalld\u00e4mpfern und Sinterfiltern | Copor\" \/>\n<meta property=\"og:description\" content=\"Copor hat einen speziellen Pr\u00fcfstand f\u00fcr Tests an Druckluftschalld\u00e4mpfern und Sinterfiltern entwickelt und eingesetzt.\" \/>\n<meta property=\"og:url\" content=\"https:\/\/www.copor.com\/technische-pruefungen\/\" \/>\n<meta property=\"og:site_name\" content=\"Copor\" \/>\n<meta property=\"article:modified_time\" content=\"2022-06-01T14:59:59+00:00\" \/>\n<meta name=\"twitter:card\" content=\"summary_large_image\" \/>\n<meta name=\"twitter:label1\" content=\"Gesch\u00e4tzte Lesezeit\" \/>\n\t<meta name=\"twitter:data1\" content=\"3\u00a0Minuten\" \/>\n<script type=\"application\/ld+json\" class=\"yoast-schema-graph\">{\"@context\":\"https:\\\/\\\/schema.org\",\"@graph\":[{\"@type\":\"WebPage\",\"@id\":\"https:\\\/\\\/www.copor.com\\\/technische-pruefungen\\\/\",\"url\":\"https:\\\/\\\/www.copor.com\\\/technische-pruefungen\\\/\",\"name\":\"Technische Abnahme von Schalld\u00e4mpfern und Sinterfiltern | Copor\",\"isPartOf\":{\"@id\":\"https:\\\/\\\/www.copor.com\\\/#website\"},\"datePublished\":\"2018-10-22T15:24:55+00:00\",\"dateModified\":\"2022-06-01T14:59:59+00:00\",\"description\":\"Copor hat einen speziellen Pr\u00fcfstand f\u00fcr Tests an Druckluftschalld\u00e4mpfern und Sinterfiltern entwickelt und eingesetzt.\",\"breadcrumb\":{\"@id\":\"https:\\\/\\\/www.copor.com\\\/technische-pruefungen\\\/#breadcrumb\"},\"inLanguage\":\"de\",\"potentialAction\":[{\"@type\":\"ReadAction\",\"target\":[\"https:\\\/\\\/www.copor.com\\\/technische-pruefungen\\\/\"]}]},{\"@type\":\"BreadcrumbList\",\"@id\":\"https:\\\/\\\/www.copor.com\\\/technische-pruefungen\\\/#breadcrumb\",\"itemListElement\":[{\"@type\":\"ListItem\",\"position\":1,\"name\":\"Home\",\"item\":\"https:\\\/\\\/www.copor.com\\\/home\\\/\"},{\"@type\":\"ListItem\",\"position\":2,\"name\":\"Technische pr\u00fcfungen\"}]},{\"@type\":\"WebSite\",\"@id\":\"https:\\\/\\\/www.copor.com\\\/#website\",\"url\":\"https:\\\/\\\/www.copor.com\\\/\",\"name\":\"Copor\",\"description\":\"Looking for filtration and silence\",\"publisher\":{\"@id\":\"https:\\\/\\\/www.copor.com\\\/#organization\"},\"potentialAction\":[{\"@type\":\"SearchAction\",\"target\":{\"@type\":\"EntryPoint\",\"urlTemplate\":\"https:\\\/\\\/www.copor.com\\\/?s={search_term_string}\"},\"query-input\":{\"@type\":\"PropertyValueSpecification\",\"valueRequired\":true,\"valueName\":\"search_term_string\"}}],\"inLanguage\":\"de\"},{\"@type\":\"Organization\",\"@id\":\"https:\\\/\\\/www.copor.com\\\/#organization\",\"name\":\"COPOR SNC\",\"url\":\"https:\\\/\\\/www.copor.com\\\/\",\"logo\":{\"@type\":\"ImageObject\",\"inLanguage\":\"de\",\"@id\":\"https:\\\/\\\/www.copor.com\\\/#\\\/schema\\\/logo\\\/image\\\/\",\"url\":\"https:\\\/\\\/www.copor.com\\\/wp-content\\\/uploads\\\/2018\\\/12\\\/COPOR_LOGO-40.png\",\"contentUrl\":\"https:\\\/\\\/www.copor.com\\\/wp-content\\\/uploads\\\/2018\\\/12\\\/COPOR_LOGO-40.png\",\"width\":294,\"height\":135,\"caption\":\"COPOR SNC\"},\"image\":{\"@id\":\"https:\\\/\\\/www.copor.com\\\/#\\\/schema\\\/logo\\\/image\\\/\"}}]}<\/script>\n<!-- \/ Yoast SEO plugin. -->","yoast_head_json":{"title":"Technische Abnahme von Schalld\u00e4mpfern und Sinterfiltern | Copor","description":"Copor hat einen speziellen Pr\u00fcfstand f\u00fcr Tests an Druckluftschalld\u00e4mpfern und Sinterfiltern entwickelt und eingesetzt.","robots":{"index":"index","follow":"follow","max-snippet":"max-snippet:-1","max-image-preview":"max-image-preview:large","max-video-preview":"max-video-preview:-1"},"canonical":"https:\/\/www.copor.com\/technische-pruefungen\/","og_locale":"de_DE","og_type":"article","og_title":"Technische Abnahme von Schalld\u00e4mpfern und Sinterfiltern | Copor","og_description":"Copor hat einen speziellen Pr\u00fcfstand f\u00fcr Tests an Druckluftschalld\u00e4mpfern und Sinterfiltern entwickelt und eingesetzt.","og_url":"https:\/\/www.copor.com\/technische-pruefungen\/","og_site_name":"Copor","article_modified_time":"2022-06-01T14:59:59+00:00","twitter_card":"summary_large_image","twitter_misc":{"Gesch\u00e4tzte Lesezeit":"3\u00a0Minuten"},"schema":{"@context":"https:\/\/schema.org","@graph":[{"@type":"WebPage","@id":"https:\/\/www.copor.com\/technische-pruefungen\/","url":"https:\/\/www.copor.com\/technische-pruefungen\/","name":"Technische Abnahme von Schalld\u00e4mpfern und Sinterfiltern | Copor","isPartOf":{"@id":"https:\/\/www.copor.com\/#website"},"datePublished":"2018-10-22T15:24:55+00:00","dateModified":"2022-06-01T14:59:59+00:00","description":"Copor hat einen speziellen Pr\u00fcfstand f\u00fcr Tests an Druckluftschalld\u00e4mpfern und Sinterfiltern entwickelt und eingesetzt.","breadcrumb":{"@id":"https:\/\/www.copor.com\/technische-pruefungen\/#breadcrumb"},"inLanguage":"de","potentialAction":[{"@type":"ReadAction","target":["https:\/\/www.copor.com\/technische-pruefungen\/"]}]},{"@type":"BreadcrumbList","@id":"https:\/\/www.copor.com\/technische-pruefungen\/#breadcrumb","itemListElement":[{"@type":"ListItem","position":1,"name":"Home","item":"https:\/\/www.copor.com\/home\/"},{"@type":"ListItem","position":2,"name":"Technische pr\u00fcfungen"}]},{"@type":"WebSite","@id":"https:\/\/www.copor.com\/#website","url":"https:\/\/www.copor.com\/","name":"Copor","description":"Looking for filtration and silence","publisher":{"@id":"https:\/\/www.copor.com\/#organization"},"potentialAction":[{"@type":"SearchAction","target":{"@type":"EntryPoint","urlTemplate":"https:\/\/www.copor.com\/?s={search_term_string}"},"query-input":{"@type":"PropertyValueSpecification","valueRequired":true,"valueName":"search_term_string"}}],"inLanguage":"de"},{"@type":"Organization","@id":"https:\/\/www.copor.com\/#organization","name":"COPOR SNC","url":"https:\/\/www.copor.com\/","logo":{"@type":"ImageObject","inLanguage":"de","@id":"https:\/\/www.copor.com\/#\/schema\/logo\/image\/","url":"https:\/\/www.copor.com\/wp-content\/uploads\/2018\/12\/COPOR_LOGO-40.png","contentUrl":"https:\/\/www.copor.com\/wp-content\/uploads\/2018\/12\/COPOR_LOGO-40.png","width":294,"height":135,"caption":"COPOR SNC"},"image":{"@id":"https:\/\/www.copor.com\/#\/schema\/logo\/image\/"}}]}},"_links":{"self":[{"href":"https:\/\/www.copor.com\/de\/wp-json\/wp\/v2\/pages\/1540","targetHints":{"allow":["GET"]}}],"collection":[{"href":"https:\/\/www.copor.com\/de\/wp-json\/wp\/v2\/pages"}],"about":[{"href":"https:\/\/www.copor.com\/de\/wp-json\/wp\/v2\/types\/page"}],"author":[{"embeddable":true,"href":"https:\/\/www.copor.com\/de\/wp-json\/wp\/v2\/users\/1"}],"replies":[{"embeddable":true,"href":"https:\/\/www.copor.com\/de\/wp-json\/wp\/v2\/comments?post=1540"}],"version-history":[{"count":6,"href":"https:\/\/www.copor.com\/de\/wp-json\/wp\/v2\/pages\/1540\/revisions"}],"predecessor-version":[{"id":3073,"href":"https:\/\/www.copor.com\/de\/wp-json\/wp\/v2\/pages\/1540\/revisions\/3073"}],"wp:attachment":[{"href":"https:\/\/www.copor.com\/de\/wp-json\/wp\/v2\/media?parent=1540"}],"curies":[{"name":"wp","href":"https:\/\/api.w.org\/{rel}","templated":true}]}}