{"id":1557,"date":"2018-11-11T22:28:23","date_gmt":"2018-11-11T22:28:23","guid":{"rendered":"http:\/\/www.copor.com\/cookie-policy\/"},"modified":"2019-01-29T09:57:46","modified_gmt":"2019-01-29T09:57:46","slug":"cookie-richtlinie","status":"publish","type":"page","link":"https:\/\/www.copor.com\/de\/cookie-richtlinie\/","title":{"rendered":"Cookie-richtlinie"},"content":{"rendered":"<div class=\"wpb-content-wrapper\"><p>[vc_row css=&#8220;.vc_custom_1541975499418{margin-top: 35px !important;margin-bottom: 35px !important;}&#8220;][vc_column][vc_custom_heading text=&#8220;cookie-richtlinie&#8220; use_theme_fonts=&#8220;yes&#8220; el_class=&#8220;title-celeste&#8220;][\/vc_column][\/vc_row][vc_row css=&#8220;.vc_custom_1541975458899{margin-bottom: 100px !important;}&#8220;][vc_column][vc_column_text]Die verwendete Software kann &#8222;Cookie&#8220;-Technologie enthalten. Cookies haben vor allem die Funktion, dem Benutzer die Navigation zu erleichtern. Cookies k\u00f6nnen Informationen \u00fcber die Navigation innerhalb der Website liefern und die Funktionsweise bestimmter Dienste erm\u00f6glichen, die eine Identifizierung erfordern, in welcher Reihenfolge der Benutzer die verschiedenen Seiten der Website aufgerufen hat. F\u00fcr jeden Zugriff auf das Portal &#8211; unabh\u00e4ngig vom Vorhandensein eines Cookies &#8211; werden die Art des Browsers, das Betriebssystem (z.B. Microsoft, Apple, Android, Linux, etc&#8230;), der Host und die Herkunfts-URL des Besuchers sowie die Daten auf der angeforderten Seite erfasst. Sie haben jedoch die M\u00f6glichkeit, Ihren Browser so einzustellen, dass er Sie benachrichtigt, wenn Sie einen Cookie erhalten und somit beschlie\u00dfen k\u00f6nnen, diesen zu l\u00f6schen. Weitere Informationen zu Cookies finden Sie auf den Webseiten der Browser-Anbieter.<\/p>\n<p>&nbsp;<\/p>\n<p>Was sind Cookies?<\/p>\n<p>Cookies sind kleine Textzeichenketten, die auf Ihrem Computer gespeichert werden, wenn Sie bestimmte Seiten im Internet besuchen. Die meisten Browser haben Cookies aktiviert, am unteren Rand erscheinen die Informationen, die ben\u00f6tigt werden, um die Cookie-Einstellungen in Ihrem Browser zu \u00e4ndern. Cookies sind f\u00fcr das Ger\u00e4t nicht sch\u00e4dlich. In den von uns erzeugten Cookies speichern wir keine personenbezogenen Daten, aber wir verwenden Daten, um Ihren Besuch der Website zu verbessern. Cookies sind beispielsweise n\u00fctzlich, um Fehler zu identifizieren und zu beheben. Weitere Informationen zu Cookies finden Sie unter:\u00a0<a href=\"http:\/\/www.allaboutcookies.org\/\">www.allaboutcookies.org<\/a>\u00a0und\u00a0<a href=\"http:\/\/www.youronlinechoices.eu\/\">www.youronlinechoices.eu<\/a>.<br \/>\nCookies k\u00f6nnen verschiedene Funktionen erf\u00fcllen, wie z.B. eine effiziente Navigation zwischen den Seiten sicherstellen und generell den Aufenthalt des Benutzers auf der Website verbessern. Der Rechtsinhaber beh\u00e4lt sich das Recht vor, mit Zustimmung des Benutzers Cookies zu verwenden, wenn das Gesetz oder die geltenden Vorschriften dies vorsehen, um die Navigation auf dieser Website zu erleichtern und die angezeigten Informationen anzupassen. Der Rechtsinhaber beh\u00e4lt sich auch das Recht vor, \u00e4hnliche Systeme zu verwenden, um Informationen \u00fcber die Nutzer der Website f\u00fcr statistische oder Sicherheitszwecke zu sammeln, wie z.B. die Art des verwendeten Internetbrowsers und des Betriebssystems.<\/p>\n<p>&nbsp;<\/p>\n<p>Cookie Typen<\/p>\n<p>Cookies werden in &#8222;Session-Cookies&#8220; und &#8222;persistente Cookies&#8220; unterteilt, die erstgenannten werden zun\u00e4chst heruntergeladenen und dann beim Schlie\u00dfen des Browsers gel\u00f6scht, die zweitgenannten stattdessen bis zu ihrem Ablaufdatum oder L\u00f6schen gespeichert. Die verwendeten Session-Cookies sollen die Analyse des Internetverkehrs beschleunigen und den Zugang der Nutzer zu den auf der Website angebotenen Diensten erleichtern. Session-Cookies werden haupts\u00e4chlich f\u00fcr die Authentifizierung, Autorisierung und Navigation in Diensten verwendet, auf die \u00fcber die Registrierung zugegriffen wird. Die meisten Browser sind so eingestellt, dass sie Cookies akzeptieren. Wenn Sie keine Cookies akzeptieren m\u00f6chten, k\u00f6nnen Sie Ihren Computer so einstellen, dass er sie ablehnt oder eine Warnung anzeigt, wenn sie gespeichert werden. Wenn Sie die Verwendung von Cookies ablehnen, funktionieren einige Funktionen der Website m\u00f6glicherweise nicht ordnungsgem\u00e4\u00df und einige der Dienste sind m\u00f6glicherweise nicht verf\u00fcgbar. Die Verwendung sogenannter Session-Cookies beschr\u00e4nkt sich ausschlie\u00dflich auf die \u00dcbermittlung von Session-Identifikatoren, die f\u00fcr eine sichere und effiziente Erkundung der Website erforderlich sind. Diese Daten sind technischer Natur, von vor\u00fcbergehender G\u00fcltigkeit und werden nicht zur Identifizierung von Nutzern erhoben, k\u00f6nnten aber aufgrund ihrer Funktionsweise und in Kombination mit anderen Daten, die von Dritten (z.B. dem Internetverbindungsanbieter der betreffenden Person) gespeichert sind, deren Identifizierung erm\u00f6glichen. Erstanbieter-Cookies sind nur von der Dom\u00e4ne aus lesbar, die sie erstellt hat.<\/p>\n<p>&nbsp;<\/p>\n<p>Drittanbieter Cookies:<\/p>\n<p>werden von anderen Dom\u00e4nen erstellt und gelesen. Die verwendete Software erstellt einen Cookie, um Nutzungsstatistiken zu erstellen. Die durch diesen Cookie erzeugten Informationen werden von Google Inc. gespeichert.<\/p>\n<p>Was die Funktionsweise der Cookies in Google Analytics angeht, lesen Sie bitte die offizielle Dokumentation von Google, die Sie hier finden alla\u00a0<a href=\"url:%20http:\/\/code.google.com\/apis\/analytics\/docs\/concepts\/gaConceptsCookies.html\">url:\u00a0http:\/\/code.google.com\/apis\/analytics\/docs\/concepts\/gaConceptsCookies.html<\/a><\/p>\n<p>&nbsp;<\/p>\n<p>Wie kann ich Cookies deaktivieren?<\/p>\n<p>Die meisten Browser akzeptieren Cookies automatisch, aber Sie k\u00f6nnen auch w\u00e4hlen, ob Sie sie akzeptieren m\u00f6chten oder nicht. Wenn Sie nicht m\u00f6chten, dass Ihr Computer Cookies empf\u00e4ngt und speichert, k\u00f6nnen Sie die Sicherheitseinstellungen Ihres Browsers \u00e4ndern (Internet Explorer, Google Chrome, Mozilla Firefox, Safari, etc.). Es gibt mehrere M\u00f6glichkeiten, Cookies und andere Tracking-Technologien handzuhaben. Durch die \u00c4nderung Ihrer Browsereinstellungen k\u00f6nnen Sie Cookies akzeptieren oder ablehnen oder sich entscheiden, eine Warnmeldung zu erhalten, bevor Sie einen Cookie von den von Ihnen besuchten Websites akzeptieren. Sie k\u00f6nnen alle im Cookie-Verzeichnis Ihres Browsers installierten Cookies l\u00f6schen. Jeder Browser hat unterschiedliche Verfahren zur Handhabung der Einstellungen.<\/p>\n<p>Klicken Sie auf einen der untenstehenden Links, um weitere Informationen zu erhalten:<\/p>\n<p>Microsoft Internet Explorer<br \/>\nKlicken Sie auf das Symbol &#8222;Instrumente&#8220; in der rechten oberen Ecke und w\u00e4hlen Sie &#8222;Internetoptionen&#8220;. W\u00e4hlen Sie im Popup-Fenster &#8222;Datenschutz&#8220;.<br \/>\nHier k\u00f6nnen Sie die Einstellungen Ihrer Cookies anpassen oder \u00fcber den Link <a href=\"http:\/\/windows.microsoft.com\/en-us\/windows-vista\/block-or-allow-cookies\">http:\/\/windows.microsoft.com\/en-us\/windows-vista\/block-or-allow-cookies<\/a><br \/>\nGoogle Chrome<br \/>\nKlicken Sie den Schraubenschl\u00fcssel in der rechten oberen Ecke an und w\u00e4hlen Sie \u201cEinstellungen\u201d. Jetzt \u201cErweiterte Einstellungen anzeigen\u201d ausw\u00e4hlen (\u201cUnder the hood\u201d) und die \u201cDatenschutz\u201d Einstellungen \u00e4ndern.<br \/>\nHier k\u00f6nnen Sie die Einstellungen Ihrer Cookies anpassen oder \u00fcber den Link\u00a0<a href=\"https:\/\/support.google.com\/chrome\/bin\/answer.py?hl=en&amp;answer=95647&amp;p=cpn_cookies\">https:\/\/support.google.com\/chrome\/bin\/answer.py?hl=en&amp;answer=95647&amp;p=cpn_cookies<\/a><br \/>\nMozilla Firefox<br \/>\nW\u00e4hlen Sie aus dem Aufklapp-Men\u00fc in der linken oberen Ecke die \u201eOptionen\u201c. W\u00e4hlen Sie im Popup-Fenster &#8222;Datenschutz&#8220;.<br \/>\nHier k\u00f6nnen Sie die Einstellungen Ihrer Cookies anpassen oder \u00fcber den Link\u00a0<a href=\"http:\/\/support.mozilla.org\/en-US\/kb\/Enabling%20and%20disabling%20cookies\">http:\/\/support.mozilla.org\/en-US\/kb\/Enabling%20and%20disabling%20cookies<\/a><br \/>\nApple\u00a0Safari<br \/>\nW\u00e4hlen Sie aus dem Aufklapp-Men\u00fc in der oberen rechten Ecke &#8222;Einstellungen&#8220;. W\u00e4hlen Sie &#8222;Sicherheit&#8220;.<br \/>\nHier k\u00f6nnen Sie die Einstellungen Ihrer Cookies anpassen oder \u00fcber den Link\u00a0<a href=\"http:\/\/docs.info.apple.com\/article.html?path=Safari\/5.0\/en\/9277.html\">http:\/\/docs.info.apple.com\/article.html?path=Safari\/5.0\/en\/9277.html<\/a><br \/>\nWenn Sie keinen der oben aufgef\u00fchrten Browser verwenden, w\u00e4hlen Sie &#8222;Cookies&#8220; im entsprechenden Abschnitt des Leitfadens, um herauszufinden, wo sich Ihr Cookie-Verzeichnis befindet.<\/p>\n<p>&nbsp;<\/p>\n<p>Flash-Cookies deaktivieren<\/p>\n<p>Klicken Sie auf den untenstehenden Link, um Ihre Flash-Cookie-Einstellungen zu \u00e4ndern.<br \/>\n<a href=\"http:\/\/www.macromedia.com\/support\/documentation\/en\/flashplayer\/help\/settings_manager02.html#118539\">http:\/\/www.macromedia.com\/support\/documentation\/en\/flashplayer\/help\/settings_manager02.html#118539<\/a><\/p>\n<p>&nbsp;<\/p>\n<p>Cookies von Google Analytics<\/p>\n<p>Um Analyse-Cookies zu deaktivieren und zu verhindern, dass Google Analytics Navigationsdaten sammelt, laden Sie die zus\u00e4tzliche Browser Komponente zur Deaktivierung von Google Analytics:\u00a0<a href=\"https:\/\/tools.google.com\/dlpage\/gaoptout\">https:\/\/tools.google.com\/dlpage\/gaoptout<\/a><\/p>\n<p>herunter.<\/p>\n<p>Stand: 20.05.2015[\/vc_column_text][\/vc_column][\/vc_row]<\/p>\n<\/div>","protected":false},"excerpt":{"rendered":"<p>[vc_row css=&#8220;.vc_custom_1541975499418{margin-top: 35px !important;margin-bottom: 35px !important;}&#8220;][vc_column][vc_custom_heading text=&#8220;cookie-richtlinie&#8220; use_theme_fonts=&#8220;yes&#8220; el_class=&#8220;title-celeste&#8220;][\/vc_column][\/vc_row][vc_row css=&#8220;.vc_custom_1541975458899{margin-bottom: 100px !important;}&#8220;][vc_column][vc_column_text]Die verwendete Software kann &#8222;Cookie&#8220;-Technologie enthalten. Cookies haben vor [&hellip;]<\/p>\n","protected":false},"author":1,"featured_media":0,"parent":0,"menu_order":0,"comment_status":"closed","ping_status":"closed","template":"","meta":{"_acf_changed":false,"footnotes":""},"class_list":["post-1557","page","type-page","status-publish","hentry"],"acf":[],"yoast_head":"<!-- This site is optimized with the Yoast SEO plugin v27.4 - https:\/\/yoast.com\/product\/yoast-seo-wordpress\/ -->\n<title>Cookie-richtlinie | Copor<\/title>\n<meta name=\"robots\" content=\"index, follow, max-snippet:-1, max-image-preview:large, max-video-preview:-1\" \/>\n<link rel=\"canonical\" href=\"https:\/\/www.copor.com\/cookie-richtlinie\/\" \/>\n<meta property=\"og:locale\" content=\"de_DE\" \/>\n<meta property=\"og:type\" content=\"article\" \/>\n<meta property=\"og:title\" content=\"Cookie-richtlinie | Copor\" \/>\n<meta property=\"og:description\" content=\"[vc_row css=&#8220;.vc_custom_1541975499418{margin-top: 35px !important;margin-bottom: 35px !important;}&#8220;][vc_column][vc_custom_heading text=&#8220;cookie-richtlinie&#8220; use_theme_fonts=&#8220;yes&#8220; el_class=&#8220;title-celeste&#8220;][\/vc_column][\/vc_row][vc_row css=&#8220;.vc_custom_1541975458899{margin-bottom: 100px !important;}&#8220;][vc_column][vc_column_text]Die verwendete Software kann &#8222;Cookie&#8220;-Technologie enthalten. Cookies haben vor [&hellip;]\" \/>\n<meta property=\"og:url\" content=\"https:\/\/www.copor.com\/cookie-richtlinie\/\" \/>\n<meta property=\"og:site_name\" content=\"Copor\" \/>\n<meta property=\"article:modified_time\" content=\"2019-01-29T09:57:46+00:00\" \/>\n<meta name=\"twitter:card\" content=\"summary_large_image\" \/>\n<meta name=\"twitter:label1\" content=\"Gesch\u00e4tzte Lesezeit\" \/>\n\t<meta name=\"twitter:data1\" content=\"5\u00a0Minuten\" \/>\n<script type=\"application\/ld+json\" class=\"yoast-schema-graph\">{\"@context\":\"https:\\\/\\\/schema.org\",\"@graph\":[{\"@type\":\"WebPage\",\"@id\":\"https:\\\/\\\/www.copor.com\\\/cookie-richtlinie\\\/\",\"url\":\"https:\\\/\\\/www.copor.com\\\/cookie-richtlinie\\\/\",\"name\":\"Cookie-richtlinie | Copor\",\"isPartOf\":{\"@id\":\"https:\\\/\\\/www.copor.com\\\/#website\"},\"datePublished\":\"2018-11-11T22:28:23+00:00\",\"dateModified\":\"2019-01-29T09:57:46+00:00\",\"breadcrumb\":{\"@id\":\"https:\\\/\\\/www.copor.com\\\/cookie-richtlinie\\\/#breadcrumb\"},\"inLanguage\":\"de\",\"potentialAction\":[{\"@type\":\"ReadAction\",\"target\":[\"https:\\\/\\\/www.copor.com\\\/cookie-richtlinie\\\/\"]}]},{\"@type\":\"BreadcrumbList\",\"@id\":\"https:\\\/\\\/www.copor.com\\\/cookie-richtlinie\\\/#breadcrumb\",\"itemListElement\":[{\"@type\":\"ListItem\",\"position\":1,\"name\":\"Home\",\"item\":\"https:\\\/\\\/www.copor.com\\\/home\\\/\"},{\"@type\":\"ListItem\",\"position\":2,\"name\":\"Cookie-richtlinie\"}]},{\"@type\":\"WebSite\",\"@id\":\"https:\\\/\\\/www.copor.com\\\/#website\",\"url\":\"https:\\\/\\\/www.copor.com\\\/\",\"name\":\"Copor\",\"description\":\"Looking for filtration and silence\",\"publisher\":{\"@id\":\"https:\\\/\\\/www.copor.com\\\/#organization\"},\"potentialAction\":[{\"@type\":\"SearchAction\",\"target\":{\"@type\":\"EntryPoint\",\"urlTemplate\":\"https:\\\/\\\/www.copor.com\\\/?s={search_term_string}\"},\"query-input\":{\"@type\":\"PropertyValueSpecification\",\"valueRequired\":true,\"valueName\":\"search_term_string\"}}],\"inLanguage\":\"de\"},{\"@type\":\"Organization\",\"@id\":\"https:\\\/\\\/www.copor.com\\\/#organization\",\"name\":\"COPOR SNC\",\"url\":\"https:\\\/\\\/www.copor.com\\\/\",\"logo\":{\"@type\":\"ImageObject\",\"inLanguage\":\"de\",\"@id\":\"https:\\\/\\\/www.copor.com\\\/#\\\/schema\\\/logo\\\/image\\\/\",\"url\":\"https:\\\/\\\/www.copor.com\\\/wp-content\\\/uploads\\\/2018\\\/12\\\/COPOR_LOGO-40.png\",\"contentUrl\":\"https:\\\/\\\/www.copor.com\\\/wp-content\\\/uploads\\\/2018\\\/12\\\/COPOR_LOGO-40.png\",\"width\":294,\"height\":135,\"caption\":\"COPOR SNC\"},\"image\":{\"@id\":\"https:\\\/\\\/www.copor.com\\\/#\\\/schema\\\/logo\\\/image\\\/\"}}]}<\/script>\n<!-- \/ Yoast SEO plugin. -->","yoast_head_json":{"title":"Cookie-richtlinie | Copor","robots":{"index":"index","follow":"follow","max-snippet":"max-snippet:-1","max-image-preview":"max-image-preview:large","max-video-preview":"max-video-preview:-1"},"canonical":"https:\/\/www.copor.com\/cookie-richtlinie\/","og_locale":"de_DE","og_type":"article","og_title":"Cookie-richtlinie | Copor","og_description":"[vc_row css=&#8220;.vc_custom_1541975499418{margin-top: 35px !important;margin-bottom: 35px !important;}&#8220;][vc_column][vc_custom_heading text=&#8220;cookie-richtlinie&#8220; use_theme_fonts=&#8220;yes&#8220; el_class=&#8220;title-celeste&#8220;][\/vc_column][\/vc_row][vc_row css=&#8220;.vc_custom_1541975458899{margin-bottom: 100px !important;}&#8220;][vc_column][vc_column_text]Die verwendete Software kann &#8222;Cookie&#8220;-Technologie enthalten. Cookies haben vor [&hellip;]","og_url":"https:\/\/www.copor.com\/cookie-richtlinie\/","og_site_name":"Copor","article_modified_time":"2019-01-29T09:57:46+00:00","twitter_card":"summary_large_image","twitter_misc":{"Gesch\u00e4tzte Lesezeit":"5\u00a0Minuten"},"schema":{"@context":"https:\/\/schema.org","@graph":[{"@type":"WebPage","@id":"https:\/\/www.copor.com\/cookie-richtlinie\/","url":"https:\/\/www.copor.com\/cookie-richtlinie\/","name":"Cookie-richtlinie | Copor","isPartOf":{"@id":"https:\/\/www.copor.com\/#website"},"datePublished":"2018-11-11T22:28:23+00:00","dateModified":"2019-01-29T09:57:46+00:00","breadcrumb":{"@id":"https:\/\/www.copor.com\/cookie-richtlinie\/#breadcrumb"},"inLanguage":"de","potentialAction":[{"@type":"ReadAction","target":["https:\/\/www.copor.com\/cookie-richtlinie\/"]}]},{"@type":"BreadcrumbList","@id":"https:\/\/www.copor.com\/cookie-richtlinie\/#breadcrumb","itemListElement":[{"@type":"ListItem","position":1,"name":"Home","item":"https:\/\/www.copor.com\/home\/"},{"@type":"ListItem","position":2,"name":"Cookie-richtlinie"}]},{"@type":"WebSite","@id":"https:\/\/www.copor.com\/#website","url":"https:\/\/www.copor.com\/","name":"Copor","description":"Looking for filtration and silence","publisher":{"@id":"https:\/\/www.copor.com\/#organization"},"potentialAction":[{"@type":"SearchAction","target":{"@type":"EntryPoint","urlTemplate":"https:\/\/www.copor.com\/?s={search_term_string}"},"query-input":{"@type":"PropertyValueSpecification","valueRequired":true,"valueName":"search_term_string"}}],"inLanguage":"de"},{"@type":"Organization","@id":"https:\/\/www.copor.com\/#organization","name":"COPOR SNC","url":"https:\/\/www.copor.com\/","logo":{"@type":"ImageObject","inLanguage":"de","@id":"https:\/\/www.copor.com\/#\/schema\/logo\/image\/","url":"https:\/\/www.copor.com\/wp-content\/uploads\/2018\/12\/COPOR_LOGO-40.png","contentUrl":"https:\/\/www.copor.com\/wp-content\/uploads\/2018\/12\/COPOR_LOGO-40.png","width":294,"height":135,"caption":"COPOR SNC"},"image":{"@id":"https:\/\/www.copor.com\/#\/schema\/logo\/image\/"}}]}},"_links":{"self":[{"href":"https:\/\/www.copor.com\/de\/wp-json\/wp\/v2\/pages\/1557","targetHints":{"allow":["GET"]}}],"collection":[{"href":"https:\/\/www.copor.com\/de\/wp-json\/wp\/v2\/pages"}],"about":[{"href":"https:\/\/www.copor.com\/de\/wp-json\/wp\/v2\/types\/page"}],"author":[{"embeddable":true,"href":"https:\/\/www.copor.com\/de\/wp-json\/wp\/v2\/users\/1"}],"replies":[{"embeddable":true,"href":"https:\/\/www.copor.com\/de\/wp-json\/wp\/v2\/comments?post=1557"}],"version-history":[{"count":2,"href":"https:\/\/www.copor.com\/de\/wp-json\/wp\/v2\/pages\/1557\/revisions"}],"predecessor-version":[{"id":1559,"href":"https:\/\/www.copor.com\/de\/wp-json\/wp\/v2\/pages\/1557\/revisions\/1559"}],"wp:attachment":[{"href":"https:\/\/www.copor.com\/de\/wp-json\/wp\/v2\/media?parent=1557"}],"curies":[{"name":"wp","href":"https:\/\/api.w.org\/{rel}","templated":true}]}}