{"id":1567,"date":"2018-10-22T15:25:23","date_gmt":"2018-10-22T15:25:23","guid":{"rendered":"http:\/\/www.copor.com\/news\/"},"modified":"2022-06-01T12:48:08","modified_gmt":"2022-06-01T12:48:08","slug":"news","status":"publish","type":"page","link":"https:\/\/www.copor.com\/de\/news\/","title":{"rendered":"News"},"content":{"rendered":"<div class=\"wpb-content-wrapper\"><p>[vc_row css=&#8220;.vc_custom_1541762791870{margin-top: 20px !important;margin-bottom: 45px !important;}&#8220;][vc_column][vc_custom_heading text=&#8220;News&#8220; font_container=&#8220;tag:h2|text_align:center&#8220; use_theme_fonts=&#8220;yes&#8220; el_class=&#8220;title-celeste&#8220; css=&#8220;.vc_custom_1540998151766{margin-bottom: 35px !important;}&#8220;][\/vc_column][\/vc_row][vc_row][vc_column][vc_basic_grid post_type=&#8220;post&#8220; max_items=&#8220;10&#8243; element_width=&#8220;6&#8243; item=&#8220;1988&#8243; grid_id=&#8220;vc_gid:1548777150213-a4ea7de5-e23a-7&#8243; el_class=&#8220;post-news-home&#8220;][\/vc_column][\/vc_row]<\/p>\n<\/div>","protected":false},"excerpt":{"rendered":"<p>[vc_row css=&#8220;.vc_custom_1541762791870{margin-top: 20px !important;margin-bottom: 45px !important;}&#8220;][vc_column][vc_custom_heading text=&#8220;News&#8220; font_container=&#8220;tag:h2|text_align:center&#8220; use_theme_fonts=&#8220;yes&#8220; el_class=&#8220;title-celeste&#8220; css=&#8220;.vc_custom_1540998151766{margin-bottom: 35px !important;}&#8220;][\/vc_column][\/vc_row][vc_row][vc_column][vc_basic_grid post_type=&#8220;post&#8220; max_items=&#8220;10&#8243; element_width=&#8220;6&#8243; item=&#8220;1988&#8243; grid_id=&#8220;vc_gid:1548777150213-a4ea7de5-e23a-7&#8243; el_class=&#8220;post-news-home&#8220;][\/vc_column][\/vc_row]<\/p>\n","protected":false},"author":1,"featured_media":0,"parent":0,"menu_order":0,"comment_status":"closed","ping_status":"closed","template":"","meta":{"_acf_changed":false,"footnotes":""},"class_list":["post-1567","page","type-page","status-publish","hentry"],"acf":[],"yoast_head":"<!-- This site is optimized with the Yoast SEO plugin v27.5 - https:\/\/yoast.com\/product\/yoast-seo-wordpress\/ -->\n<title>Mehr \u00fcber Copor: Unsere Blog-Eintr\u00e4ge und Nachrichten | Copor<\/title>\n<meta name=\"description\" content=\"Besuchen Sie die Website und entdecken Sie alle Neuigkeiten aus der Welt von Copor. Es erwartet Sie eine gro\u00dfe Auswahl an Produkten f\u00fcr jedes Bed\u00fcrfnis.\" \/>\n<meta name=\"robots\" content=\"index, follow, max-snippet:-1, max-image-preview:large, max-video-preview:-1\" \/>\n<link rel=\"canonical\" href=\"https:\/\/www.copor.com\/news\/\" \/>\n<meta property=\"og:locale\" content=\"de_DE\" \/>\n<meta property=\"og:type\" content=\"article\" \/>\n<meta property=\"og:title\" content=\"Mehr \u00fcber Copor: Unsere Blog-Eintr\u00e4ge und Nachrichten | Copor\" \/>\n<meta property=\"og:description\" content=\"Besuchen Sie die Website und entdecken Sie alle Neuigkeiten aus der Welt von Copor. Es erwartet Sie eine gro\u00dfe Auswahl an Produkten f\u00fcr jedes Bed\u00fcrfnis.\" \/>\n<meta property=\"og:url\" content=\"https:\/\/www.copor.com\/news\/\" \/>\n<meta property=\"og:site_name\" content=\"Copor\" \/>\n<meta property=\"article:modified_time\" content=\"2022-06-01T12:48:08+00:00\" \/>\n<meta name=\"twitter:card\" content=\"summary_large_image\" \/>\n<script type=\"application\/ld+json\" class=\"yoast-schema-graph\">{\"@context\":\"https:\\\/\\\/schema.org\",\"@graph\":[{\"@type\":\"WebPage\",\"@id\":\"https:\\\/\\\/www.copor.com\\\/news\\\/\",\"url\":\"https:\\\/\\\/www.copor.com\\\/news\\\/\",\"name\":\"Mehr \u00fcber Copor: Unsere Blog-Eintr\u00e4ge und Nachrichten | Copor\",\"isPartOf\":{\"@id\":\"https:\\\/\\\/www.copor.com\\\/#website\"},\"datePublished\":\"2018-10-22T15:25:23+00:00\",\"dateModified\":\"2022-06-01T12:48:08+00:00\",\"description\":\"Besuchen Sie die Website und entdecken Sie alle Neuigkeiten aus der Welt von Copor. Es erwartet Sie eine gro\u00dfe Auswahl an Produkten f\u00fcr jedes Bed\u00fcrfnis.\",\"breadcrumb\":{\"@id\":\"https:\\\/\\\/www.copor.com\\\/news\\\/#breadcrumb\"},\"inLanguage\":\"de\",\"potentialAction\":[{\"@type\":\"ReadAction\",\"target\":[\"https:\\\/\\\/www.copor.com\\\/news\\\/\"]}]},{\"@type\":\"BreadcrumbList\",\"@id\":\"https:\\\/\\\/www.copor.com\\\/news\\\/#breadcrumb\",\"itemListElement\":[{\"@type\":\"ListItem\",\"position\":1,\"name\":\"Home\",\"item\":\"https:\\\/\\\/www.copor.com\\\/home\\\/\"},{\"@type\":\"ListItem\",\"position\":2,\"name\":\"News\"}]},{\"@type\":\"WebSite\",\"@id\":\"https:\\\/\\\/www.copor.com\\\/#website\",\"url\":\"https:\\\/\\\/www.copor.com\\\/\",\"name\":\"Copor\",\"description\":\"Looking for filtration and silence\",\"publisher\":{\"@id\":\"https:\\\/\\\/www.copor.com\\\/#organization\"},\"potentialAction\":[{\"@type\":\"SearchAction\",\"target\":{\"@type\":\"EntryPoint\",\"urlTemplate\":\"https:\\\/\\\/www.copor.com\\\/?s={search_term_string}\"},\"query-input\":{\"@type\":\"PropertyValueSpecification\",\"valueRequired\":true,\"valueName\":\"search_term_string\"}}],\"inLanguage\":\"de\"},{\"@type\":\"Organization\",\"@id\":\"https:\\\/\\\/www.copor.com\\\/#organization\",\"name\":\"COPOR SNC\",\"url\":\"https:\\\/\\\/www.copor.com\\\/\",\"logo\":{\"@type\":\"ImageObject\",\"inLanguage\":\"de\",\"@id\":\"https:\\\/\\\/www.copor.com\\\/#\\\/schema\\\/logo\\\/image\\\/\",\"url\":\"https:\\\/\\\/www.copor.com\\\/wp-content\\\/uploads\\\/2018\\\/12\\\/COPOR_LOGO-40.png\",\"contentUrl\":\"https:\\\/\\\/www.copor.com\\\/wp-content\\\/uploads\\\/2018\\\/12\\\/COPOR_LOGO-40.png\",\"width\":294,\"height\":135,\"caption\":\"COPOR SNC\"},\"image\":{\"@id\":\"https:\\\/\\\/www.copor.com\\\/#\\\/schema\\\/logo\\\/image\\\/\"}}]}<\/script>\n<!-- \/ Yoast SEO plugin. -->","yoast_head_json":{"title":"Mehr \u00fcber Copor: Unsere Blog-Eintr\u00e4ge und Nachrichten | Copor","description":"Besuchen Sie die Website und entdecken Sie alle Neuigkeiten aus der Welt von Copor. Es erwartet Sie eine gro\u00dfe Auswahl an Produkten f\u00fcr jedes Bed\u00fcrfnis.","robots":{"index":"index","follow":"follow","max-snippet":"max-snippet:-1","max-image-preview":"max-image-preview:large","max-video-preview":"max-video-preview:-1"},"canonical":"https:\/\/www.copor.com\/news\/","og_locale":"de_DE","og_type":"article","og_title":"Mehr \u00fcber Copor: Unsere Blog-Eintr\u00e4ge und Nachrichten | Copor","og_description":"Besuchen Sie die Website und entdecken Sie alle Neuigkeiten aus der Welt von Copor. Es erwartet Sie eine gro\u00dfe Auswahl an Produkten f\u00fcr jedes Bed\u00fcrfnis.","og_url":"https:\/\/www.copor.com\/news\/","og_site_name":"Copor","article_modified_time":"2022-06-01T12:48:08+00:00","twitter_card":"summary_large_image","schema":{"@context":"https:\/\/schema.org","@graph":[{"@type":"WebPage","@id":"https:\/\/www.copor.com\/news\/","url":"https:\/\/www.copor.com\/news\/","name":"Mehr \u00fcber Copor: Unsere Blog-Eintr\u00e4ge und Nachrichten | Copor","isPartOf":{"@id":"https:\/\/www.copor.com\/#website"},"datePublished":"2018-10-22T15:25:23+00:00","dateModified":"2022-06-01T12:48:08+00:00","description":"Besuchen Sie die Website und entdecken Sie alle Neuigkeiten aus der Welt von Copor. Es erwartet Sie eine gro\u00dfe Auswahl an Produkten f\u00fcr jedes Bed\u00fcrfnis.","breadcrumb":{"@id":"https:\/\/www.copor.com\/news\/#breadcrumb"},"inLanguage":"de","potentialAction":[{"@type":"ReadAction","target":["https:\/\/www.copor.com\/news\/"]}]},{"@type":"BreadcrumbList","@id":"https:\/\/www.copor.com\/news\/#breadcrumb","itemListElement":[{"@type":"ListItem","position":1,"name":"Home","item":"https:\/\/www.copor.com\/home\/"},{"@type":"ListItem","position":2,"name":"News"}]},{"@type":"WebSite","@id":"https:\/\/www.copor.com\/#website","url":"https:\/\/www.copor.com\/","name":"Copor","description":"Looking for filtration and silence","publisher":{"@id":"https:\/\/www.copor.com\/#organization"},"potentialAction":[{"@type":"SearchAction","target":{"@type":"EntryPoint","urlTemplate":"https:\/\/www.copor.com\/?s={search_term_string}"},"query-input":{"@type":"PropertyValueSpecification","valueRequired":true,"valueName":"search_term_string"}}],"inLanguage":"de"},{"@type":"Organization","@id":"https:\/\/www.copor.com\/#organization","name":"COPOR SNC","url":"https:\/\/www.copor.com\/","logo":{"@type":"ImageObject","inLanguage":"de","@id":"https:\/\/www.copor.com\/#\/schema\/logo\/image\/","url":"https:\/\/www.copor.com\/wp-content\/uploads\/2018\/12\/COPOR_LOGO-40.png","contentUrl":"https:\/\/www.copor.com\/wp-content\/uploads\/2018\/12\/COPOR_LOGO-40.png","width":294,"height":135,"caption":"COPOR SNC"},"image":{"@id":"https:\/\/www.copor.com\/#\/schema\/logo\/image\/"}}]}},"_links":{"self":[{"href":"https:\/\/www.copor.com\/de\/wp-json\/wp\/v2\/pages\/1567","targetHints":{"allow":["GET"]}}],"collection":[{"href":"https:\/\/www.copor.com\/de\/wp-json\/wp\/v2\/pages"}],"about":[{"href":"https:\/\/www.copor.com\/de\/wp-json\/wp\/v2\/types\/page"}],"author":[{"embeddable":true,"href":"https:\/\/www.copor.com\/de\/wp-json\/wp\/v2\/users\/1"}],"replies":[{"embeddable":true,"href":"https:\/\/www.copor.com\/de\/wp-json\/wp\/v2\/comments?post=1567"}],"version-history":[{"count":1,"href":"https:\/\/www.copor.com\/de\/wp-json\/wp\/v2\/pages\/1567\/revisions"}],"predecessor-version":[{"id":1991,"href":"https:\/\/www.copor.com\/de\/wp-json\/wp\/v2\/pages\/1567\/revisions\/1991"}],"wp:attachment":[{"href":"https:\/\/www.copor.com\/de\/wp-json\/wp\/v2\/media?parent=1567"}],"curies":[{"name":"wp","href":"https:\/\/api.w.org\/{rel}","templated":true}]}}