{"id":1576,"date":"2018-10-26T08:18:14","date_gmt":"2018-10-26T08:18:14","guid":{"rendered":"http:\/\/www.copor.com\/produkte\/silenziatori\/"},"modified":"2022-06-16T13:19:24","modified_gmt":"2022-06-16T13:19:24","slug":"schalldaempfer","status":"publish","type":"page","link":"https:\/\/www.copor.com\/de\/produkte\/schalldaempfer\/","title":{"rendered":"Schalld\u00e4mpfer"},"content":{"rendered":"<div class=\"wpb-content-wrapper\"><p>[vc_row css=&#8220;.vc_custom_1540462206869{margin-bottom: 45px !important;}&#8220;][vc_column][vc_custom_heading text=&#8220;Schalld\u00e4mpfer&#8220; font_container=&#8220;tag:h2|text_align:center&#8220; use_theme_fonts=&#8220;yes&#8220; el_class=&#8220;title-celeste silenziatori&#8220; css=&#8220;.vc_custom_1652439813684{margin-bottom: 35px !important;}&#8220;][\/vc_column][\/vc_row][vc_row full_width=&#8220;stretch_row_content&#8220; el_class=&#8220;container-all-sil&#8220;][vc_column][vc_basic_grid post_type=&#8220;silenziatori&#8220; max_items=&#8220;50&#8243; element_width=&#8220;3&#8243; orderby=&#8220;menu_order&#8220; order=&#8220;ASC&#8220; item=&#8220;186&#8243; grid_id=&#8220;vc_gid:1655385473027-f786bdac-cbd3-0&#8243; el_class=&#8220;grid-post-products&#8220;][\/vc_column][\/vc_row][vc_row][vc_column][vc_custom_heading text=&#8220;Schalld\u00e4mpfer f\u00fcr pneumatische Ventile&#8220; font_container=&#8220;tag:h1|text_align:center&#8220; use_theme_fonts=&#8220;yes&#8220; el_class=&#8220;title-celeste&#8220;][vc_column_text]<\/p>\n<p style=\"text-align: center;\"><strong>Schalld\u00e4mpfer<\/strong> von Copor werden aus <strong>gesintertem Pulver<\/strong> mittlerer K\u00f6rnung hergestellt und sind nach ISO\u00a09001 zertifiziert. Die Qualit\u00e4t wird durch die Kontrolle der Rohstoffe und der Verarbeitungsphasen garantiert, mit besonderem Augenmerk auf das Endprodukt. <strong>Sinterbronze-Schalld\u00e4mpfer<\/strong>, <strong>Metall-Schalld\u00e4mpfer<\/strong> und <strong>Sinterstahl-Schalld\u00e4mpfer<\/strong>. Filterelemente zur Ger\u00e4uschreduzierung, die unter Verwendung hochwertiger Rohstoffe wie Edelstahl und Bronze hergestellt werden.<\/p>\n<p>[\/vc_column_text][vc_custom_heading text=&#8220;Schalld\u00e4mpfer aus gesintertem Edelstahl und Schalld\u00e4mpfer aus Bronze&#8220; font_container=&#8220;tag:h2|font_size:23px|text_align:center&#8220; use_theme_fonts=&#8220;yes&#8220; el_class=&#8220;title-celeste&#8220;][vc_column_text]<\/p>\n<p style=\"text-align: center;\"><strong>Schalld\u00e4mpfer<\/strong> sind Vorrichtungen, die notwendig sind, um den Ger\u00e4uschpegel w\u00e4hrend des Betriebs pneumatischer Systeme zu reduzieren und das Ablassen von Druckluft in die Umgebung zu d\u00e4mpfen. Sie k\u00f6nnen aus verschiedenen Materialien wie Edelstahl und Bronze bestehen und reduzieren die Ger\u00e4uschentwicklung der Ventile im Betrieb.<\/p>\n<p style=\"text-align: center;\">Die <strong>Sinterschalld\u00e4mpfer<\/strong> geh\u00f6ren zu den Spitzenprodukten der Produktion von Copor. Sie bestehen aus einem Gewinde, das aus Messing, verkupfertem Stahl oder Bronze sein kann, und einem Filterteil aus <strong>gesintertem<\/strong> kugelf\u00f6rmigen <strong>Bronzepulver<\/strong> mit einer Filterfeinheit zwischen 5\u00a0\u03bcm und 120\u00a0\u03bcm. Dieser <strong>Schalld\u00e4mpfertyp<\/strong> ist haupts\u00e4chlich f\u00fcr industrielle pneumatische Automatisierungsanwendungen geeignet.<\/p>\n<p style=\"text-align: center;\">Copor verf\u00fcgt \u00fcber die Zertifizierung DIN\u00a0EN\u00a0ISO\u00a09001, die eine zertifizierte Bauqualit\u00e4t garantiert. Diese wird durch die verwendeten Rohstoffe, die angewandten Verfahren und die durchgef\u00fchrten sorgf\u00e4ltigen Kontrollen gew\u00e4hrleistet.<\/p>\n<p>[\/vc_column_text][vc_custom_heading text=&#8220;Einige typische Anwendungen f\u00fcr diese Art von pneumatischen Schalld\u00e4mpfern&#8220; font_container=&#8220;tag:h2|font_size:23px|text_align:center&#8220; use_theme_fonts=&#8220;yes&#8220; el_class=&#8220;title-celeste&#8220;][vc_column_text]<\/p>\n<ul>\n<li style=\"text-align: center;\">Ger\u00e4uschminderung in pneumatischen Systemen<\/li>\n<li style=\"text-align: center;\">Bau von automatischen Maschinen im Allgemeinen<\/li>\n<li style=\"text-align: center;\">Schalld\u00e4mpfung bei schweren Anwendungen, wie z.\u00a0B. in der metallurgischen Industrie oder in Glaswerken<\/li>\n<li style=\"text-align: center;\">Sicherheit von pneumatischen Ger\u00e4ten<\/li>\n<li style=\"text-align: center;\"><strong>Schalld\u00e4mpfer<\/strong> f\u00fcr das Ablassen von Luft bei Ventilen und Pneumatikzylindern<\/li>\n<\/ul>\n<p>[\/vc_column_text][\/vc_column][\/vc_row]<\/p>\n<\/div>","protected":false},"excerpt":{"rendered":"<p>[vc_row css=&#8220;.vc_custom_1540462206869{margin-bottom: 45px !important;}&#8220;][vc_column][vc_custom_heading text=&#8220;Schalld\u00e4mpfer&#8220; font_container=&#8220;tag:h2|text_align:center&#8220; use_theme_fonts=&#8220;yes&#8220; el_class=&#8220;title-celeste silenziatori&#8220; css=&#8220;.vc_custom_1652439813684{margin-bottom: 35px !important;}&#8220;][\/vc_column][\/vc_row][vc_row full_width=&#8220;stretch_row_content&#8220; el_class=&#8220;container-all-sil&#8220;][vc_column][vc_basic_grid post_type=&#8220;silenziatori&#8220; max_items=&#8220;50&#8243; element_width=&#8220;3&#8243; orderby=&#8220;menu_order&#8220; order=&#8220;ASC&#8220; item=&#8220;186&#8243; [&hellip;]<\/p>\n","protected":false},"author":1,"featured_media":0,"parent":1414,"menu_order":0,"comment_status":"closed","ping_status":"closed","template":"","meta":{"_acf_changed":false,"footnotes":""},"class_list":["post-1576","page","type-page","status-publish","hentry"],"acf":[],"yoast_head":"<!-- This site is optimized with the Yoast SEO plugin v27.5 - https:\/\/yoast.com\/product\/yoast-seo-wordpress\/ -->\n<title>Schalld\u00e4mpfer f\u00fcr pneumatische Ventile | Copor<\/title>\n<meta name=\"description\" content=\"Copor produziert neben gesinterten Filtern auch ein breites Standardsortiment an pneumatischen Ventilschalld\u00e4mpfern.\" \/>\n<meta name=\"robots\" content=\"index, follow, max-snippet:-1, max-image-preview:large, max-video-preview:-1\" \/>\n<link rel=\"canonical\" href=\"https:\/\/www.copor.com\/produkte\/schalldaempfer\/\" \/>\n<meta property=\"og:locale\" content=\"de_DE\" \/>\n<meta property=\"og:type\" content=\"article\" \/>\n<meta property=\"og:title\" content=\"Schalld\u00e4mpfer f\u00fcr pneumatische Ventile | Copor\" \/>\n<meta property=\"og:description\" content=\"Copor produziert neben gesinterten Filtern auch ein breites Standardsortiment an pneumatischen Ventilschalld\u00e4mpfern.\" \/>\n<meta property=\"og:url\" content=\"https:\/\/www.copor.com\/produkte\/schalldaempfer\/\" \/>\n<meta property=\"og:site_name\" content=\"Copor\" \/>\n<meta property=\"article:modified_time\" content=\"2022-06-16T13:19:24+00:00\" \/>\n<meta name=\"twitter:card\" content=\"summary_large_image\" \/>\n<meta name=\"twitter:label1\" content=\"Gesch\u00e4tzte Lesezeit\" \/>\n\t<meta name=\"twitter:data1\" content=\"2\u00a0Minuten\" \/>\n<script type=\"application\/ld+json\" class=\"yoast-schema-graph\">{\"@context\":\"https:\\\/\\\/schema.org\",\"@graph\":[{\"@type\":\"WebPage\",\"@id\":\"https:\\\/\\\/www.copor.com\\\/produkte\\\/schalldaempfer\\\/\",\"url\":\"https:\\\/\\\/www.copor.com\\\/produkte\\\/schalldaempfer\\\/\",\"name\":\"Schalld\u00e4mpfer f\u00fcr pneumatische Ventile | Copor\",\"isPartOf\":{\"@id\":\"https:\\\/\\\/www.copor.com\\\/#website\"},\"datePublished\":\"2018-10-26T08:18:14+00:00\",\"dateModified\":\"2022-06-16T13:19:24+00:00\",\"description\":\"Copor produziert neben gesinterten Filtern auch ein breites Standardsortiment an pneumatischen Ventilschalld\u00e4mpfern.\",\"breadcrumb\":{\"@id\":\"https:\\\/\\\/www.copor.com\\\/produkte\\\/schalldaempfer\\\/#breadcrumb\"},\"inLanguage\":\"de\",\"potentialAction\":[{\"@type\":\"ReadAction\",\"target\":[\"https:\\\/\\\/www.copor.com\\\/produkte\\\/schalldaempfer\\\/\"]}]},{\"@type\":\"BreadcrumbList\",\"@id\":\"https:\\\/\\\/www.copor.com\\\/produkte\\\/schalldaempfer\\\/#breadcrumb\",\"itemListElement\":[{\"@type\":\"ListItem\",\"position\":1,\"name\":\"Home\",\"item\":\"https:\\\/\\\/www.copor.com\\\/home\\\/\"},{\"@type\":\"ListItem\",\"position\":2,\"name\":\"Produkte\",\"item\":\"https:\\\/\\\/www.copor.com\\\/produkte\\\/\"},{\"@type\":\"ListItem\",\"position\":3,\"name\":\"Schalld\u00e4mpfer\"}]},{\"@type\":\"WebSite\",\"@id\":\"https:\\\/\\\/www.copor.com\\\/#website\",\"url\":\"https:\\\/\\\/www.copor.com\\\/\",\"name\":\"Copor\",\"description\":\"Looking for filtration and silence\",\"publisher\":{\"@id\":\"https:\\\/\\\/www.copor.com\\\/#organization\"},\"potentialAction\":[{\"@type\":\"SearchAction\",\"target\":{\"@type\":\"EntryPoint\",\"urlTemplate\":\"https:\\\/\\\/www.copor.com\\\/?s={search_term_string}\"},\"query-input\":{\"@type\":\"PropertyValueSpecification\",\"valueRequired\":true,\"valueName\":\"search_term_string\"}}],\"inLanguage\":\"de\"},{\"@type\":\"Organization\",\"@id\":\"https:\\\/\\\/www.copor.com\\\/#organization\",\"name\":\"COPOR SNC\",\"url\":\"https:\\\/\\\/www.copor.com\\\/\",\"logo\":{\"@type\":\"ImageObject\",\"inLanguage\":\"de\",\"@id\":\"https:\\\/\\\/www.copor.com\\\/#\\\/schema\\\/logo\\\/image\\\/\",\"url\":\"https:\\\/\\\/www.copor.com\\\/wp-content\\\/uploads\\\/2018\\\/12\\\/COPOR_LOGO-40.png\",\"contentUrl\":\"https:\\\/\\\/www.copor.com\\\/wp-content\\\/uploads\\\/2018\\\/12\\\/COPOR_LOGO-40.png\",\"width\":294,\"height\":135,\"caption\":\"COPOR SNC\"},\"image\":{\"@id\":\"https:\\\/\\\/www.copor.com\\\/#\\\/schema\\\/logo\\\/image\\\/\"}}]}<\/script>\n<!-- \/ Yoast SEO plugin. -->","yoast_head_json":{"title":"Schalld\u00e4mpfer f\u00fcr pneumatische Ventile | Copor","description":"Copor produziert neben gesinterten Filtern auch ein breites Standardsortiment an pneumatischen Ventilschalld\u00e4mpfern.","robots":{"index":"index","follow":"follow","max-snippet":"max-snippet:-1","max-image-preview":"max-image-preview:large","max-video-preview":"max-video-preview:-1"},"canonical":"https:\/\/www.copor.com\/produkte\/schalldaempfer\/","og_locale":"de_DE","og_type":"article","og_title":"Schalld\u00e4mpfer f\u00fcr pneumatische Ventile | Copor","og_description":"Copor produziert neben gesinterten Filtern auch ein breites Standardsortiment an pneumatischen Ventilschalld\u00e4mpfern.","og_url":"https:\/\/www.copor.com\/produkte\/schalldaempfer\/","og_site_name":"Copor","article_modified_time":"2022-06-16T13:19:24+00:00","twitter_card":"summary_large_image","twitter_misc":{"Gesch\u00e4tzte Lesezeit":"2\u00a0Minuten"},"schema":{"@context":"https:\/\/schema.org","@graph":[{"@type":"WebPage","@id":"https:\/\/www.copor.com\/produkte\/schalldaempfer\/","url":"https:\/\/www.copor.com\/produkte\/schalldaempfer\/","name":"Schalld\u00e4mpfer f\u00fcr pneumatische Ventile | Copor","isPartOf":{"@id":"https:\/\/www.copor.com\/#website"},"datePublished":"2018-10-26T08:18:14+00:00","dateModified":"2022-06-16T13:19:24+00:00","description":"Copor produziert neben gesinterten Filtern auch ein breites Standardsortiment an pneumatischen Ventilschalld\u00e4mpfern.","breadcrumb":{"@id":"https:\/\/www.copor.com\/produkte\/schalldaempfer\/#breadcrumb"},"inLanguage":"de","potentialAction":[{"@type":"ReadAction","target":["https:\/\/www.copor.com\/produkte\/schalldaempfer\/"]}]},{"@type":"BreadcrumbList","@id":"https:\/\/www.copor.com\/produkte\/schalldaempfer\/#breadcrumb","itemListElement":[{"@type":"ListItem","position":1,"name":"Home","item":"https:\/\/www.copor.com\/home\/"},{"@type":"ListItem","position":2,"name":"Produkte","item":"https:\/\/www.copor.com\/produkte\/"},{"@type":"ListItem","position":3,"name":"Schalld\u00e4mpfer"}]},{"@type":"WebSite","@id":"https:\/\/www.copor.com\/#website","url":"https:\/\/www.copor.com\/","name":"Copor","description":"Looking for filtration and silence","publisher":{"@id":"https:\/\/www.copor.com\/#organization"},"potentialAction":[{"@type":"SearchAction","target":{"@type":"EntryPoint","urlTemplate":"https:\/\/www.copor.com\/?s={search_term_string}"},"query-input":{"@type":"PropertyValueSpecification","valueRequired":true,"valueName":"search_term_string"}}],"inLanguage":"de"},{"@type":"Organization","@id":"https:\/\/www.copor.com\/#organization","name":"COPOR SNC","url":"https:\/\/www.copor.com\/","logo":{"@type":"ImageObject","inLanguage":"de","@id":"https:\/\/www.copor.com\/#\/schema\/logo\/image\/","url":"https:\/\/www.copor.com\/wp-content\/uploads\/2018\/12\/COPOR_LOGO-40.png","contentUrl":"https:\/\/www.copor.com\/wp-content\/uploads\/2018\/12\/COPOR_LOGO-40.png","width":294,"height":135,"caption":"COPOR SNC"},"image":{"@id":"https:\/\/www.copor.com\/#\/schema\/logo\/image\/"}}]}},"_links":{"self":[{"href":"https:\/\/www.copor.com\/de\/wp-json\/wp\/v2\/pages\/1576","targetHints":{"allow":["GET"]}}],"collection":[{"href":"https:\/\/www.copor.com\/de\/wp-json\/wp\/v2\/pages"}],"about":[{"href":"https:\/\/www.copor.com\/de\/wp-json\/wp\/v2\/types\/page"}],"author":[{"embeddable":true,"href":"https:\/\/www.copor.com\/de\/wp-json\/wp\/v2\/users\/1"}],"replies":[{"embeddable":true,"href":"https:\/\/www.copor.com\/de\/wp-json\/wp\/v2\/comments?post=1576"}],"version-history":[{"count":5,"href":"https:\/\/www.copor.com\/de\/wp-json\/wp\/v2\/pages\/1576\/revisions"}],"predecessor-version":[{"id":3103,"href":"https:\/\/www.copor.com\/de\/wp-json\/wp\/v2\/pages\/1576\/revisions\/3103"}],"up":[{"embeddable":true,"href":"https:\/\/www.copor.com\/de\/wp-json\/wp\/v2\/pages\/1414"}],"wp:attachment":[{"href":"https:\/\/www.copor.com\/de\/wp-json\/wp\/v2\/media?parent=1576"}],"curies":[{"name":"wp","href":"https:\/\/api.w.org\/{rel}","templated":true}]}}